{"id":5422,"date":"2021-03-31T17:25:08","date_gmt":"2021-03-31T21:25:08","guid":{"rendered":"https:\/\/oect.ca\/a-propos\/"},"modified":"2021-03-31T17:25:12","modified_gmt":"2021-03-31T21:25:12","slug":"a-propos","status":"publish","type":"page","link":"https:\/\/oect.ca\/fr\/a-propos\/","title":{"rendered":"\u00c0 propos"},"content":{"rendered":"\n<p>L\u2019\u00c9quipe des champions ontariens de l\u2019\u00e9ducation (OECT en anglais) est un groupe form\u00e9 de gens provenant de divers secteurs de la soci\u00e9t\u00e9 ontarienne. Nous collaborons \u00e0 des initiatives pour sensibiliser les jeunes pris en charge \u00e0 tous les niveaux du syst\u00e8me d\u2019\u00e9ducation, motiver leur participation et augmenter leurs chances de succ\u00e8s, tout en les pr\u00e9parant \u00e0 l\u2019emploi.<\/p>\n\n<p><strong>Il existe 21 \u00e9quipes de champions en Ontario et elles ont toutes le m\u00eame but!<\/strong><\/p>\n\n<p>Voici quelques-unes de nos initiatives de collaboration destin\u00e9es \u00e0 aider les jeunes pris en charge par notre soci\u00e9t\u00e9 \u00e0 tous :<\/p>\n\n<ul class=\"wp-block-list\"><li>Activit\u00e9s d\u2019exploration de carri\u00e8re et de mode de vie par l\u2019interm\u00e9diaire de projets photo et vid\u00e9o<\/li><li>Collaboration \u00e9troite avec les agences locales d\u2019emploi pour contribuer au placement des jeunes et au d\u00e9veloppement de leurs comp\u00e9tences<\/li><li>Mise en oeuvre des programmes postsecondaires appuy\u00e9s par d\u2019autres jeunes et des programmes communautaires d\u2019apprentissage par le b\u00e9n\u00e9volat<\/li><li>Collaboration avec les conseils scolaires locaux pour assurer la r\u00e9ussite de l\u2019enseignement<\/li><li>Soutien aux familles d\u2019accueil en communiquant l\u2019information pertinente<\/li><\/ul>\n","protected":false},"excerpt":{"rendered":"<p>L\u2019\u00c9quipe des champions ontariens de l\u2019\u00e9ducation (OECT en anglais) est un groupe form\u00e9 de gens provenant de divers secteurs de la soci\u00e9t\u00e9 ontarienne. Nous collaborons \u00e0 des initiatives pour sensibiliser les jeunes pris en charge \u00e0 tous les niveaux du syst\u00e8me d\u2019\u00e9ducation, motiver leur participation et augmenter leurs chances de succ\u00e8s, tout en les pr\u00e9parant [&hellip;]<\/p>\n","protected":false},"author":27,"featured_media":0,"parent":0,"menu_order":0,"comment_status":"closed","ping_status":"open","template":"","meta":{"_acf_changed":false,"footnotes":""},"class_list":["post-5422","page","type-page","status-publish","hentry"],"acf":[],"featured_image_src":null,"featured_image_src_square":null,"_links":{"self":[{"href":"https:\/\/oect.ca\/fr\/wp-json\/wp\/v2\/pages\/5422","targetHints":{"allow":["GET"]}}],"collection":[{"href":"https:\/\/oect.ca\/fr\/wp-json\/wp\/v2\/pages"}],"about":[{"href":"https:\/\/oect.ca\/fr\/wp-json\/wp\/v2\/types\/page"}],"author":[{"embeddable":true,"href":"https:\/\/oect.ca\/fr\/wp-json\/wp\/v2\/users\/27"}],"replies":[{"embeddable":true,"href":"https:\/\/oect.ca\/fr\/wp-json\/wp\/v2\/comments?post=5422"}],"version-history":[{"count":3,"href":"https:\/\/oect.ca\/fr\/wp-json\/wp\/v2\/pages\/5422\/revisions"}],"predecessor-version":[{"id":5426,"href":"https:\/\/oect.ca\/fr\/wp-json\/wp\/v2\/pages\/5422\/revisions\/5426"}],"wp:attachment":[{"href":"https:\/\/oect.ca\/fr\/wp-json\/wp\/v2\/media?parent=5422"}],"curies":[{"name":"wp","href":"https:\/\/api.w.org\/{rel}","templated":true}]}}