{"id":5428,"date":"2017-03-08T10:18:36","date_gmt":"2017-03-08T15:18:36","guid":{"rendered":"https:\/\/oect.ca\/collecte-des-fonds-pour-les-ecoles\/"},"modified":"2025-02-14T14:45:35","modified_gmt":"2025-02-14T19:45:35","slug":"collecte-des-fonds-pour-les-ecoles","status":"publish","type":"page","link":"https:\/\/oect.ca\/fr\/collecte-des-fonds-pour-les-ecoles\/","title":{"rendered":"Collecte des fonds pour les \u00e9coles"},"content":{"rendered":"\n<p><strong>Aide budg\u00e9taire :<\/strong><\/p>\n\n\n\n<ul class=\"wp-block-list\">\n<li class=\"accessible-link\"><a href=\"https:\/\/www.cafdn.org\/for-youth\/financial-literacy-online-training\/\">Module de litt\u00e9ratie financi\u00e8re de la Children\u2019s Aid Foundation of Canada<\/a><\/li>\n\n\n\n<li class=\"accessible-link\"><a href=\"https:\/\/osap.gov.on.ca\/OSAPPortal\">R\u00e9gime d\u2019aide financi\u00e8re aux \u00e9tudiants de l\u2019Ontario (RAFEO\/OSAP)<\/a><\/li>\n\n\n\n<li class=\"accessible-link\"><a href=\"http:\/\/ontarioyouthcan.org\/\">Autres renseignements (YouthCan de l\u2019Ontario)<\/a><\/li>\n<\/ul>\n\n\n\n<p><strong>Autres ressources utiles:<\/strong><\/p>\n\n\n\n<ul class=\"wp-block-list\">\n<li class=\"accessible-link\"><a href=\"https:\/\/studentawards.com\/major-canadian-scholarships-to-fund-your-post-secondary-education\/\">Bourses canadiennes d\u2019envergure pour financer vos \u00e9tudes postsecondaires<\/a><\/li>\n\n\n\n<li class=\"accessible-link\"><a href=\"https:\/\/studentawards.com\/paying-for-school-how-to-find-student-grants-and-loans-in-canada-2\/\">Payer pour aller \u00e0 l\u2019\u00e9cole: comment trouver des bourses et des pr\u00eats \u00e9tudiants au Canada<\/a><\/li>\n\n\n\n<li class=\"accessible-link\"><a href=\"https:\/\/studentawards.com\/the-complete-list-of-entrance-scholarships-at-canadian-colleges-and-universities\/\">Liste compl\u00e8te des bourses d\u2019admission aux coll\u00e8ges et universit\u00e9s du Canada<\/a><\/li>\n\n\n\n<li class=\"accessible-link\"><a href=\"https:\/\/www.rbcroyalbank.com\/student\/budget-calculator\/\">Calculatrice de budget \u00e9tudiant de la RBC<\/a><\/li>\n\n\n\n<li class=\"accessible-link\"><a href=\"https:\/\/supportingstudentsuccess.wordpress.com\/category\/blueprints-for-student-success\/\">Plans de r\u00e9ussite pour les \u00e9tudiants<\/a><\/li>\n\n\n\n<li class=\"accessible-link\"><a href=\"http:\/\/www.children.gov.on.ca\/htdocs\/English\/childrensaid\/leavingcare.aspx\">Ressources pour aider les jeunes en transition<\/a><\/li>\n\n\n\n<li class=\"accessible-link\"><a href=\"http:\/\/www.scholarshipscanada.com\/\">Scholarships Canada<\/a><\/li>\n\n\n\n<li class=\"accessible-link\"><a href=\"https:\/\/www.canada.ca\/en\/services\/benefits\/education.html\">Aide financi\u00e8re aux \u00e9tudiants et planification des \u00e9tudes<\/a><\/li>\n\n\n\n<li class=\"accessible-link\"><a href=\"http:\/\/www.disabilityawards.ca\/\">PrixAcc\u00e8s (Disability Awards)<\/a><\/li>\n\n\n\n<li class=\"accessible-link\">Bourse d\u2019\u00e9tudes du Seneca College: soutien annuel pour 30 jeunes pr\u00e9sentement ou r\u00e9cemment pris en charge par l\u2019\u00e9tat. Pour les \u00e9tudiants admissibles de tous \u00e2ges qui entreprennent un premier dipl\u00f4me d\u2019\u00e9tudes postsecondaires \u00e0 Seneca (<a href=\"https:\/\/oect.ca\/wp-content\/uploads\/2021\/11\/Youth-in-Care-Tuition-Bursary-Digital-Flyer.pdf\">PDF<\/a>)<\/li>\n\n\n\n<li class=\"accessible-link\"><a href=\"https:\/\/www.cafdn.org\/for-youth\/educational-support#1519422453933-909342ac-304a\">Bourses de la Children\u2019s Aid Foundation of Canada<\/a><\/li>\n\n\n\n<li class=\"accessible-link\"><a href=\"https:\/\/www.childwelfarepac.com\/\">L\u2019organisme Child Welfare Political Action Committee (PAC)<\/a> recense tous les \u00e9tablissements postsecondaires offrant la gratuit\u00e9 des frais de scolarit\u00e9<\/li>\n<\/ul>\n\n\n\n<div style=\"height:100px\" aria-hidden=\"true\" class=\"wp-block-spacer\"><\/div>\n","protected":false},"excerpt":{"rendered":"<p>Aide budg\u00e9taire : Autres ressources utiles:<\/p>\n","protected":false},"author":27,"featured_media":0,"parent":0,"menu_order":0,"comment_status":"closed","ping_status":"open","template":"page-help.php","meta":{"_acf_changed":false,"footnotes":""},"class_list":["post-5428","page","type-page","status-publish","hentry"],"acf":[],"featured_image_src":null,"featured_image_src_square":null,"_links":{"self":[{"href":"https:\/\/oect.ca\/fr\/wp-json\/wp\/v2\/pages\/5428","targetHints":{"allow":["GET"]}}],"collection":[{"href":"https:\/\/oect.ca\/fr\/wp-json\/wp\/v2\/pages"}],"about":[{"href":"https:\/\/oect.ca\/fr\/wp-json\/wp\/v2\/types\/page"}],"author":[{"embeddable":true,"href":"https:\/\/oect.ca\/fr\/wp-json\/wp\/v2\/users\/27"}],"replies":[{"embeddable":true,"href":"https:\/\/oect.ca\/fr\/wp-json\/wp\/v2\/comments?post=5428"}],"version-history":[{"count":3,"href":"https:\/\/oect.ca\/fr\/wp-json\/wp\/v2\/pages\/5428\/revisions"}],"predecessor-version":[{"id":6618,"href":"https:\/\/oect.ca\/fr\/wp-json\/wp\/v2\/pages\/5428\/revisions\/6618"}],"wp:attachment":[{"href":"https:\/\/oect.ca\/fr\/wp-json\/wp\/v2\/media?parent=5428"}],"curies":[{"name":"wp","href":"https:\/\/api.w.org\/{rel}","templated":true}]}}