{"id":5430,"date":"2021-03-31T17:34:51","date_gmt":"2021-03-31T21:34:51","guid":{"rendered":"https:\/\/oect.ca\/inscription-a-lecole\/"},"modified":"2021-03-31T17:38:48","modified_gmt":"2021-03-31T21:38:48","slug":"inscription-a-lecole","status":"publish","type":"page","link":"https:\/\/oect.ca\/fr\/inscription-a-lecole\/","title":{"rendered":"Inscription \u00e0 l\u2019\u00e9cole"},"content":{"rendered":"\n<p><strong>Vous devez directement vous inscrire \u00e0 l\u2019\u00e9cole de votre choix dans les cas suivants :<\/strong><\/p>\n\n<ul class=\"wp-block-list\"><li>Vous envisagez d\u2019\u00e9tudier \u00e0 temps partiel<\/li><li>Vous \u00eates un \u00e9tudiant adulte<\/li><li>Vous vous inscrivez \u00e0 un programme d\u2019\u00e9tudes sup\u00e9rieures<\/li><li>Vous vous inscrivez \u00e0 un coll\u00e8ge carri\u00e8re priv\u00e9<\/li><\/ul>\n\n<div class=\"wp-block-buttons is-layout-flex wp-block-buttons-is-layout-flex\">\n<div class=\"wp-block-button\"><a class=\"wp-block-button__link\" href=\"\/wp-content\/uploads\/2015\/04\/consideringpost-education.pdf\">En savoir plus sur la planification<\/a><\/div>\n<\/div>\n\n<div style=\"height:25px\" aria-hidden=\"true\" class=\"wp-block-spacer\"><\/div>\n\n<p><strong>Universit\u00e9s<\/strong><\/p>\n\n<div class=\"wp-block-buttons is-layout-flex wp-block-buttons-is-layout-flex\">\n<div class=\"wp-block-button\"><a class=\"wp-block-button__link\" href=\"https:\/\/www.ouac.on.ca\/fr\/\">S\u2019inscrire dans une universit\u00e9<\/a><\/div>\n<\/div>\n\n<div style=\"height:25px\" aria-hidden=\"true\" class=\"wp-block-spacer\"><\/div>\n\n<p><strong>Coll\u00e8ges<\/strong><\/p>\n\n<div class=\"wp-block-buttons is-layout-flex wp-block-buttons-is-layout-flex\">\n<div class=\"wp-block-button\"><a class=\"wp-block-button__link\" href=\"https:\/\/www.ontariocolleges.ca\/fr\/faire-demande\">S\u2019inscrire dans un coll\u00e8ge<\/a><\/div>\n<\/div>\n\n<div style=\"height:50px\" aria-hidden=\"true\" class=\"wp-block-spacer\"><\/div>\n\n<hr class=\"wp-block-separator has-text-color has-background has-map-blue-background-color has-map-blue-color\"\/>\n","protected":false},"excerpt":{"rendered":"<p>Vous devez directement vous inscrire \u00e0 l\u2019\u00e9cole de votre choix dans les cas suivants : Vous envisagez d\u2019\u00e9tudier \u00e0 temps partiel Vous \u00eates un \u00e9tudiant adulte Vous vous inscrivez \u00e0 un programme d\u2019\u00e9tudes sup\u00e9rieures Vous vous inscrivez \u00e0 un coll\u00e8ge carri\u00e8re priv\u00e9 Universit\u00e9s Coll\u00e8ges<\/p>\n","protected":false},"author":27,"featured_media":0,"parent":0,"menu_order":0,"comment_status":"closed","ping_status":"open","template":"page-colleges.php","meta":{"_acf_changed":false,"footnotes":""},"class_list":["post-5430","page","type-page","status-publish","hentry"],"acf":[],"featured_image_src":null,"featured_image_src_square":null,"_links":{"self":[{"href":"https:\/\/oect.ca\/fr\/wp-json\/wp\/v2\/pages\/5430","targetHints":{"allow":["GET"]}}],"collection":[{"href":"https:\/\/oect.ca\/fr\/wp-json\/wp\/v2\/pages"}],"about":[{"href":"https:\/\/oect.ca\/fr\/wp-json\/wp\/v2\/types\/page"}],"author":[{"embeddable":true,"href":"https:\/\/oect.ca\/fr\/wp-json\/wp\/v2\/users\/27"}],"replies":[{"embeddable":true,"href":"https:\/\/oect.ca\/fr\/wp-json\/wp\/v2\/comments?post=5430"}],"version-history":[{"count":3,"href":"https:\/\/oect.ca\/fr\/wp-json\/wp\/v2\/pages\/5430\/revisions"}],"predecessor-version":[{"id":5440,"href":"https:\/\/oect.ca\/fr\/wp-json\/wp\/v2\/pages\/5430\/revisions\/5440"}],"wp:attachment":[{"href":"https:\/\/oect.ca\/fr\/wp-json\/wp\/v2\/media?parent=5430"}],"curies":[{"name":"wp","href":"https:\/\/api.w.org\/{rel}","templated":true}]}}