{"id":5454,"date":"2021-03-31T19:05:23","date_gmt":"2021-03-31T23:05:23","guid":{"rendered":"https:\/\/oect.ca\/ressources-dinformation\/"},"modified":"2025-02-14T14:59:12","modified_gmt":"2025-02-14T19:59:12","slug":"ressources-dinformation","status":"publish","type":"page","link":"https:\/\/oect.ca\/fr\/ressources-dinformation\/","title":{"rendered":"Ressources d\u2019information"},"content":{"rendered":"\n<p>Pour conna\u00eetre les ressources locales, <a href=\"https:\/\/oect.ca\/fr\/provenant-des-autres-equipes-oect\/\">visitez le site<\/a> de l\u2019\u00e9quipe de votre r\u00e9gion.<\/p>\n\n\n\n<p><strong>Aide au logement:<\/strong><\/p>\n\n\n\n<ul class=\"wp-block-list\">\n<li class=\"accessible-link\"><a href=\"https:\/\/www.ontario.ca\/page\/affordable-housing-ontario\">Logement abordable en Ontario<\/a><\/li>\n<\/ul>\n\n\n\n<p><strong>Aide budg\u00e9taire:<\/strong><\/p>\n\n\n\n<ul class=\"wp-block-list\">\n<li class=\"accessible-link\"><a href=\"https:\/\/www.cafdn.org\/for-youth\/financial-literacy-online-training\/\">Module de litt\u00e9ratie financi\u00e8re de la Children\u2019s Aid Foundation of Canada<\/a><\/li>\n\n\n\n<li class=\"accessible-link\"><a href=\"https:\/\/osap.gov.on.ca\/OSAPPortal\">R\u00e9gime d\u2019aide financi\u00e8re aux \u00e9tudiants de l\u2019Ontario (RAFEO)<\/a><\/li>\n\n\n\n<li class=\"accessible-link\"><a href=\"https:\/\/www.ontario.ca\/page\/students-special-circumstances\">\u00c9tudiants en condition particuli\u00e8re<\/a><\/li>\n<\/ul>\n\n\n\n<p><strong>Counseling:<\/strong><\/p>\n\n\n\n<ul class=\"wp-block-list\">\n<li class=\"accessible-link\"><a href=\"http:\/\/211info.org\/\">Info 211<\/a><\/li>\n\n\n\n<li class=\"accessible-link\"><a href=\"https:\/\/kidshelpphone.ca\/\">Ligne d\u2019aide aux enfants<\/a><\/li>\n<\/ul>\n\n\n\n<p><strong>Sant\u00e9 mentale:<\/strong><\/p>\n\n\n\n<ul class=\"wp-block-list\">\n<li class=\"accessible-link\"><a href=\"https:\/\/cmha.ca\/\">Association canadienne pour la sant\u00e9 mentale<\/a><\/li>\n<\/ul>\n\n\n\n<h2 class=\"wp-block-heading\">Lignes d\u2019urgence:<\/h2>\n\n\n\n<p><strong>Abus et violence<\/strong><\/p>\n\n\n\n<ul class=\"wp-block-list\">\n<li>Ligne d\u2019aide d\u2019urgence pour femmes agress\u00e9es<br>1-866-863-0511 \u2013 24 HEURES<\/li>\n\n\n\n<li>Centre d\u2019aide en cas d\u2019agression sexuelle pour la r\u00e9gion de Waterloo<br>519-741-8633 \u2013 gestion de crise et ligne d\u2019aide 24 heures.<\/li>\n<\/ul>\n\n\n\n<p><strong>D\u00e9pendances<\/strong><\/p>\n\n\n\n<ul class=\"wp-block-list\">\n<li>Alateen<br>1-800-352-9996<\/li>\n\n\n\n<li>Alcoolisme et intervention en cas de crise<br>1-800-234-0420<\/li>\n\n\n\n<li>Ligne d\u2019aide sur l\u2019alcoolisme: Soutien et intervention<br>1-800-331-2900<\/li>\n\n\n\n<li>Ligne d\u2019aide pour probl\u00e8mes de jeu<br>519-824-1010, poste 2673<\/li>\n\n\n\n<li>Ligne d\u2019information nationale sur les drogues et les traitements<br>1-800-662-4257<\/li>\n<\/ul>\n\n\n\n<p><strong>LGBTQ<\/strong><\/p>\n\n\n\n<ul class=\"wp-block-list\">\n<li>LGBTQ: ligne d\u2019aide pour les jeunes<br>1-800-463-6273<br>Centre de crise: 519-745-1166<br>D\u00e9tresse chez les jeunes: 519-745-9909<\/li>\n\n\n\n<li>OUTline<br>519-824-4120, poste 56358<\/li>\n<\/ul>\n\n\n\n<p><strong>Jeunes et enfants<\/strong><\/p>\n\n\n\n<ul class=\"wp-block-list\">\n<li>Ligne d\u2019aide aux enfants<br>1-800-668-6868<\/li>\n\n\n\n<li>Ligne d\u2019aide pour les jeunes lesbiennes, gais, bisexuels, transgenres<br>1-800-268-9688 [en anglais seulement]<\/li>\n\n\n\n<li>Ligne de gestion de crise du centre de d\u00e9tresse:<br>519-745-1166<br>Jeunes en crise: 519-745-9909 [en anglais seulement]<\/li>\n<\/ul>\n\n\n\n<div style=\"height:100px\" aria-hidden=\"true\" class=\"wp-block-spacer\"><\/div>\n","protected":false},"excerpt":{"rendered":"<p>Pour conna\u00eetre les ressources locales, visitez le site de l\u2019\u00e9quipe de votre r\u00e9gion. Aide au logement: Aide budg\u00e9taire: Counseling: Sant\u00e9 mentale: Lignes d\u2019urgence: Abus et violence D\u00e9pendances LGBTQ Jeunes et enfants<\/p>\n","protected":false},"author":27,"featured_media":0,"parent":0,"menu_order":0,"comment_status":"closed","ping_status":"open","template":"page-help.php","meta":{"_acf_changed":false,"footnotes":""},"class_list":["post-5454","page","type-page","status-publish","hentry"],"acf":[],"featured_image_src":null,"featured_image_src_square":null,"_links":{"self":[{"href":"https:\/\/oect.ca\/fr\/wp-json\/wp\/v2\/pages\/5454","targetHints":{"allow":["GET"]}}],"collection":[{"href":"https:\/\/oect.ca\/fr\/wp-json\/wp\/v2\/pages"}],"about":[{"href":"https:\/\/oect.ca\/fr\/wp-json\/wp\/v2\/types\/page"}],"author":[{"embeddable":true,"href":"https:\/\/oect.ca\/fr\/wp-json\/wp\/v2\/users\/27"}],"replies":[{"embeddable":true,"href":"https:\/\/oect.ca\/fr\/wp-json\/wp\/v2\/comments?post=5454"}],"version-history":[{"count":3,"href":"https:\/\/oect.ca\/fr\/wp-json\/wp\/v2\/pages\/5454\/revisions"}],"predecessor-version":[{"id":6622,"href":"https:\/\/oect.ca\/fr\/wp-json\/wp\/v2\/pages\/5454\/revisions\/6622"}],"wp:attachment":[{"href":"https:\/\/oect.ca\/fr\/wp-json\/wp\/v2\/media?parent=5454"}],"curies":[{"name":"wp","href":"https:\/\/api.w.org\/{rel}","templated":true}]}}