{"id":5457,"date":"2021-03-31T19:09:20","date_gmt":"2021-03-31T23:09:20","guid":{"rendered":"https:\/\/oect.ca\/provenant-des-autres-equipes-oect\/"},"modified":"2025-02-14T14:50:14","modified_gmt":"2025-02-14T19:50:14","slug":"provenant-des-autres-equipes-oect","status":"publish","type":"page","link":"https:\/\/oect.ca\/fr\/provenant-des-autres-equipes-oect\/","title":{"rendered":"Provenant des autres \u00e9quipes OECT"},"content":{"rendered":"\n<h2 class=\"wp-block-heading\">Index des \u00e9quipes r\u00e9gionales<\/h2>\n\n\n\n<div class=\"wp-block-columns is-layout-flex wp-container-core-columns-is-layout-9d6595d7 wp-block-columns-is-layout-flex\">\n<div class=\"wp-block-column is-layout-flow wp-block-column-is-layout-flow\" style=\"flex-basis:50%\">\n<p>Les \u00e9quipes sont class\u00e9es par ordre alphab\u00e9tique, par district et dans une liste compl\u00e8te.<\/p>\n\n\n\n<h3 class=\"wp-block-heading has-white-color has-green-background-color has-text-color has-background\">Centre<\/h3>\n\n\n\n<ul class=\"wp-block-list\">\n<li class=\"accessible-link\"><a href=\"https:\/\/oect.ca\/teams\/durham-york-team\/\">Durham \/ York<\/a><\/li>\n\n\n\n<li class=\"accessible-link\"><a href=\"https:\/\/oect.ca\/peel-halton-dufferin-team\/\">Peel \/ Halton \/ Dufferin<\/a><\/li>\n\n\n\n<li class=\"accessible-link\"><a href=\"https:\/\/oect.ca\/simcoe-county-team\/\">Simcoe County<\/a><\/li>\n\n\n\n<li class=\"accessible-link\"><a href=\"https:\/\/oect.ca\/toronto-team\/\">Toronto<\/a><\/li>\n<\/ul>\n\n\n\n<h3 class=\"wp-block-heading has-white-color has-dark-red-background-color has-text-color has-background\">Est<\/h3>\n\n\n\n<ul class=\"wp-block-list\">\n<li class=\"accessible-link\"><a href=\"https:\/\/oect.ca\/haliburton-peterborough-northumberland-kawartha-lakes-team\/\">Haliburton \/ Peterborough \/ Northumberland \/ Kawartha Lakes<\/a><\/li>\n\n\n\n<li class=\"accessible-link\"><a href=\"https:\/\/oect.ca\/fr\/kingston-frontenac-lennox-addington-hastings-equipe-du-comte-de-prince-edward\/\">Kingston-Frontenac \/ Lennox-Addington<\/a><\/li>\n\n\n\n<li class=\"accessible-link\"><a href=\"https:\/\/oect.ca\/lanark-leeds-grenville-renfrew-team\/\">Lanark \/ Leeds \/ Grenville \/ Renfrew<\/a><\/li>\n\n\n\n<li class=\"accessible-link\"><a href=\"https:\/\/oect.ca\/fr\/equipe-dottawa\/\">Ottawa<\/a><\/li>\n\n\n\n<li class=\"accessible-link\"><a href=\"https:\/\/oect.ca\/prescott-russell-cornwall\/\">Prescott &amp; Russell \/ Cornwall (Stormont Dundas &amp; Glengarry)<\/a><\/li>\n<\/ul>\n\n\n\n<h3 class=\"wp-block-heading has-black-color has-mustard-background-color has-text-color has-background\">Ouest<\/h3>\n\n\n\n<ul class=\"wp-block-list\">\n<li class=\"accessible-link\"><a href=\"https:\/\/oect.ca\/grey-bruce-huron-perth-team\/\">Grey \/ Bruce \/ Huron-Perth<\/a><\/li>\n\n\n\n<li class=\"accessible-link\"><a href=\"https:\/\/oect.ca\/hamilton-brant-haldimand-norfolk-team\/\">Hamilton \/ Brant Haldimand \/ Norfolk<\/a><\/li>\n\n\n\n<li class=\"accessible-link\"><a href=\"https:\/\/oect.ca\/lome\/\">London \/ Oxford \/ Middlesex \/ Elgin (LOME)<\/a><\/li>\n\n\n\n<li class=\"accessible-link\"><a href=\"https:\/\/oect.ca\/niagara-team\/\">Niagara<\/a><\/li>\n\n\n\n<li class=\"accessible-link\"><a href=\"https:\/\/oect.ca\/fr\/equipe-de-waterloo-wellington\/\">Waterloo \/ Wellington (Guelph \/ Kitchener-Waterloo)<\/a><\/li>\n\n\n\n<li class=\"accessible-link\"><a href=\"https:\/\/oect.ca\/windsor-chatham-kent-lambton-team\/\">Windsor \/ Chatham-Kent \/ Lambton<\/a><\/li>\n<\/ul>\n\n\n\n<h3 class=\"wp-block-heading has-white-color has-map-blue-background-color has-text-color has-background\">Nord<\/h3>\n\n\n\n<ul class=\"wp-block-list\">\n<li class=\"accessible-link\"><a href=\"https:\/\/oect.ca\/algoma\/\">Algoma<\/a><\/li>\n\n\n\n<li class=\"accessible-link\"><a href=\"https:\/\/oect.ca\/cochrane-timiskaming\/\">Cochrane \/ Timiskaming<\/a><\/li>\n\n\n\n<li class=\"accessible-link\"><a href=\"https:\/\/oect.ca\/kenora-rainy-river\/\">Kenora-Rainy River<\/a><\/li>\n\n\n\n<li class=\"accessible-link\"><a href=\"https:\/\/oect.ca\/nipissing-muskoka-parry-sound-team\/\">Nipissing \/ Muskoka \/ Parry Sound<\/a><\/li>\n\n\n\n<li class=\"accessible-link\"><a href=\"https:\/\/oect.ca\/sudbury-manitoulin\/\">Sudbury \/ Manitoulin<\/a><\/li>\n\n\n\n<li class=\"accessible-link\"><a href=\"https:\/\/oect.ca\/fr\/equipe-de-thunder-bay\/\">Thunder Bay<\/a><\/li>\n<\/ul>\n<\/div>\n\n\n\n<div class=\"wp-block-column is-layout-flow wp-block-column-is-layout-flow\" style=\"flex-basis:50%\">\n<figure class=\"wp-block-image size-large is-resized\"><a href=\"https:\/\/oect.ca\/wp-content\/uploads\/2020\/09\/OECT-Ontario-Teams-Map-983x1024.png\"><img loading=\"lazy\" decoding=\"async\" width=\"983\" height=\"1024\" src=\"https:\/\/oect.ca\/wp-content\/uploads\/2020\/09\/OECT-Ontario-Teams-Map-983x1024.png\" alt=\"Map of Ontario with colour coded regions\" class=\"wp-image-5379\" style=\"width:400px;height:417px\" srcset=\"https:\/\/oect.ca\/wp-content\/uploads\/2020\/09\/OECT-Ontario-Teams-Map-983x1024.png 983w, https:\/\/oect.ca\/wp-content\/uploads\/2020\/09\/OECT-Ontario-Teams-Map-288x300.png 288w, https:\/\/oect.ca\/wp-content\/uploads\/2020\/09\/OECT-Ontario-Teams-Map-768x800.png 768w, https:\/\/oect.ca\/wp-content\/uploads\/2020\/09\/OECT-Ontario-Teams-Map-1475x1536.png 1475w, https:\/\/oect.ca\/wp-content\/uploads\/2020\/09\/OECT-Ontario-Teams-Map-1568x1633.png 1568w, https:\/\/oect.ca\/wp-content\/uploads\/2020\/09\/OECT-Ontario-Teams-Map-1024x1067.png 1024w, https:\/\/oect.ca\/wp-content\/uploads\/2020\/09\/OECT-Ontario-Teams-Map.png 1920w\" sizes=\"auto, (max-width: 983px) 100vw, 983px\" \/><\/a><\/figure>\n<\/div>\n<\/div>\n\n\n\n<h3 class=\"wp-block-heading has-white-color has-dark-grey-background-color has-text-color has-background\">Toutes les \u00e9quipes<\/h3>\n\n\n\n<ul class=\"wp-block-list\">\n<li class=\"accessible-link\"><a href=\"https:\/\/oect.ca\/algoma\/\">Algoma<\/a><\/li>\n\n\n\n<li class=\"accessible-link\"><a href=\"https:\/\/oect.ca\/cochrane-timiskaming\/\">Cochrane \/ Timiskaming<\/a><\/li>\n\n\n\n<li class=\"accessible-link\"><a href=\"https:\/\/oect.ca\/teams\/durham-york-team\/\">Durham \/ York<\/a><\/li>\n\n\n\n<li class=\"accessible-link\"><a href=\"https:\/\/oect.ca\/grey-bruce-huron-perth-team\/\">Grey \/ Bruce \/ Huron-Perth<\/a><\/li>\n\n\n\n<li class=\"accessible-link\"><a href=\"https:\/\/oect.ca\/haliburton-peterborough-northumberland-kawartha-lakes-team\/\">Haliburton \/ Peterborough \/ Northumberland \/ Kawartha Lakes<\/a><\/li>\n\n\n\n<li class=\"accessible-link\"><a href=\"https:\/\/oect.ca\/hamilton-brant-haldimand-norfolk-team\/\">Hamilton \/ Brant Haldimand \/ Norfolk<\/a><\/li>\n\n\n\n<li class=\"accessible-link\"><a href=\"https:\/\/oect.ca\/fr\/kingston-frontenac-lennox-addington-hastings-prince-edward-county-team\/\">Kingston-Frontenac \/ Lennox-Addington<\/a><\/li>\n\n\n\n<li class=\"accessible-link\"><a href=\"https:\/\/oect.ca\/lanark-leeds-grenville-renfrew-team\/\">Lanark \/ Leeds \/ Grenville \/ Renfrew<\/a><\/li>\n\n\n\n<li class=\"accessible-link\"><a href=\"https:\/\/oect.ca\/lome\/\">London \/ Oxford \/ Middlesex \/ Elgin (LOME)<\/a><\/li>\n\n\n\n<li class=\"accessible-link\"><a href=\"https:\/\/oect.ca\/niagara-team\/\">Niagara<\/a><\/li>\n\n\n\n<li class=\"accessible-link\"><a href=\"https:\/\/oect.ca\/nipissing-muskoka-parry-sound-team\/\">Nipissing \/ Muskoka \/ Parry Sound<\/a><\/li>\n\n\n\n<li class=\"accessible-link\"><a href=\"https:\/\/oect.ca\/fr\/equipe-dottawa\/\">Ottawa<\/a><\/li>\n\n\n\n<li class=\"accessible-link\"><a href=\"https:\/\/oect.ca\/peel-halton-dufferin-team\/\">Peel \/ Halton \/ Dufferin<\/a><\/li>\n\n\n\n<li class=\"accessible-link\"><a href=\"https:\/\/oect.ca\/prescott-russell-cornwall\/\">Prescott &amp; Russell \/ Cornwall (Stormont Dundas &amp; Glengarry)<\/a><\/li>\n\n\n\n<li class=\"accessible-link\"><a href=\"https:\/\/oect.ca\/kenora-rainy-river\/\">Rainy River \/ Kenora<\/a><\/li>\n\n\n\n<li class=\"accessible-link\"><a href=\"https:\/\/oect.ca\/simcoe-county-team\/\">Simcoe County<\/a><\/li>\n\n\n\n<li class=\"accessible-link\"><a href=\"https:\/\/oect.ca\/sudbury-manitoulin\/\">Sudbury \/ Manitoulin<\/a><\/li>\n\n\n\n<li class=\"accessible-link\"><a href=\"https:\/\/oect.ca\/fr\/equipe-de-thunder-bay\/\">Thunder Bay<\/a><\/li>\n\n\n\n<li class=\"accessible-link\"><a href=\"https:\/\/oect.ca\/toronto-team\/\">Toronto<\/a><\/li>\n\n\n\n<li class=\"accessible-link\"><a href=\"https:\/\/oect.ca\/fr\/equipe-de-waterloo-wellington\/\">Waterloo \/ Wellington (Guelph \/ Kitchener-Waterloo)<\/a><\/li>\n\n\n\n<li class=\"accessible-link\"><a href=\"https:\/\/oect.ca\/windsor-chatham-kent-lambton-team\/\">Windsor \/ Chatham-Kent \/ Lambton<\/a><\/li>\n<\/ul>\n","protected":false},"excerpt":{"rendered":"<p>Index des \u00e9quipes r\u00e9gionales Les \u00e9quipes sont class\u00e9es par ordre alphab\u00e9tique, par district et dans une liste compl\u00e8te. Centre Est Ouest Nord Toutes les \u00e9quipes<\/p>\n","protected":false},"author":27,"featured_media":0,"parent":0,"menu_order":0,"comment_status":"closed","ping_status":"closed","template":"","meta":{"_acf_changed":false,"footnotes":""},"class_list":["post-5457","page","type-page","status-publish","hentry"],"acf":[],"featured_image_src":null,"featured_image_src_square":null,"_links":{"self":[{"href":"https:\/\/oect.ca\/fr\/wp-json\/wp\/v2\/pages\/5457","targetHints":{"allow":["GET"]}}],"collection":[{"href":"https:\/\/oect.ca\/fr\/wp-json\/wp\/v2\/pages"}],"about":[{"href":"https:\/\/oect.ca\/fr\/wp-json\/wp\/v2\/types\/page"}],"author":[{"embeddable":true,"href":"https:\/\/oect.ca\/fr\/wp-json\/wp\/v2\/users\/27"}],"replies":[{"embeddable":true,"href":"https:\/\/oect.ca\/fr\/wp-json\/wp\/v2\/comments?post=5457"}],"version-history":[{"count":3,"href":"https:\/\/oect.ca\/fr\/wp-json\/wp\/v2\/pages\/5457\/revisions"}],"predecessor-version":[{"id":6620,"href":"https:\/\/oect.ca\/fr\/wp-json\/wp\/v2\/pages\/5457\/revisions\/6620"}],"wp:attachment":[{"href":"https:\/\/oect.ca\/fr\/wp-json\/wp\/v2\/media?parent=5457"}],"curies":[{"name":"wp","href":"https:\/\/api.w.org\/{rel}","templated":true}]}}