{"id":5460,"date":"2021-03-31T19:42:47","date_gmt":"2021-03-31T23:42:47","guid":{"rendered":"https:\/\/oect.ca\/vie-privee\/"},"modified":"2021-03-31T19:42:48","modified_gmt":"2021-03-31T23:42:48","slug":"vie-privee","status":"publish","type":"page","link":"https:\/\/oect.ca\/fr\/vie-privee\/","title":{"rendered":"Vie priv\u00e9e"},"content":{"rendered":"\n<p>L\u2019\u00c9quipe des champions ontariens de l\u2019\u00e9ducation (OECT) s\u2019engage \u00e0 prot\u00e9ger vos renseignements personnels et votre droit \u00e0 la vie priv\u00e9e. Voici notre politique de confidentialit\u00e9.<\/p>\n\n<h2 class=\"wp-block-heading\">Qu\u2019est-ce que les renseignements personnels?<\/h2>\n\n<ul class=\"wp-block-list\"><li>Des renseignements qui vous identifient directement, comme le nom, l\u2019adresse, le num\u00e9ro de t\u00e9l\u00e9phone, l\u2019adresse courriel, l\u2019adresse IP et la signature;<\/li><li>Ceux de nos produits et services que vous utilisez ou auxquels vous \u00eates abonn\u00e9s;<\/li><li>Information sur le compte, y compris modes de paiement, soldes et cr\u00e9dit.<\/li><\/ul>\n\n<h2 class=\"wp-block-heading\">Comment vos renseignements sont-ils collig\u00e9s et utilis\u00e9s?<\/h2>\n\n<p>Nous pouvons recueillir vos renseignements personnels dans diverses circonstances.<\/p>\n\n<ul class=\"wp-block-list\"><li>Lorsque vous demandez un service, vous inscrivez \u00e0 un \u00e9v\u00e9nement ou prenez un abonnement sur notre site Web<\/li><li>Lorsque vous ouvrez une session sur le site Web (tableau de bord ou zone des membres)<\/li><li>Lorsque vous publiez un commentaire sur notre site Web<\/li><li>Lorsque vous nous envoyez de l\u2019information dans un formulaire ou un autre moyen<\/li><li>Lorsque vous remplissez un formulaire de communication ou d\u2019inscription<\/li><\/ul>\n\n<p>Ces renseignements sont g\u00e9n\u00e9ralement transmis et archiv\u00e9s \u00e9lectroniquement (dans un \u00ab cookie \u00bb par exemple), mais peuvent aussi \u00eatre archiv\u00e9s en toute s\u00e9curit\u00e9 dans des dossiers papier \u00e0 notre si\u00e8ge social. La fa\u00e7on dont ces renseignements sont utilis\u00e9s varie en fonction du but de leur collecte.<\/p>\n\n<h2 class=\"wp-block-heading\">Qu\u2019en est-il des t\u00e9moins (\u00ab cookies \u00bb)?<\/h2>\n\n<p>Un t\u00e9moin est un petit fichier texte qui permet \u00e0 notre site Web d\u2019identifier votre ordinateur. Si vous visitez notre site Web, nous d\u00e9poserons probablement un ou plusieurs t\u00e9moins dans votre ordinateur. Cela nous aidera \u00e0 savoir quelles pages vous avez visit\u00e9es, si vous avez ouvert une session ainsi que vos pr\u00e9f\u00e9rences afin de vous offrir la meilleure exp\u00e9rience possible.<\/p>\n\n<p>Au moment de votre premi\u00e8re visite (et apr\u00e8s un certain temps ou \u00e0 chaque visite &#8211; selon la configuration de votre navigateur), vous serez inform\u00e9 de notre politique sur les t\u00e9moins et vous pourrez les accepter ou les refuser.<\/p>\n\n<h2 class=\"wp-block-heading\">Commentaires<\/h2>\n\n<p>Si vous choisissez de publier des commentaires sur notre site Web (le cas \u00e9ch\u00e9ant), nous colligeons les donn\u00e9es entr\u00e9es dans le formulaire de commentaires, la cha\u00eene de votre navigateur et votre adresse IP pour faciliter la d\u00e9tection des pourriels. Votre commentaire pourrait aussi \u00eatre v\u00e9rifi\u00e9 par un service automatis\u00e9 de d\u00e9tection de pourriels.<\/p>\n\n<p>Une cha\u00eene de code anonymis\u00e9e cr\u00e9\u00e9e \u00e0 partir de votre adresse courriel (aussi appel\u00e9e mot-clic) peut \u00eatre envoy\u00e9e au service Gravatar pour voir si vous l\u2019utilisez. Vous trouverez la politique de confidentialit\u00e9 du service Gravatar \u00e0 cette adresse:<\/p>\n\n<p><a href=\"https:\/\/automattic.com\/privacy\/\">https:\/\/automattic.com\/privacy\/<\/a>. [en anglais seulement]. <\/p>\n\n<p>Une fois votre commentaire approuv\u00e9, votre photo de profil (Gravatar) s\u2019affiche avec votre commentaire. De plus, vous pouvez choisir de sauvegarder votre nom, votre adresse de courriel et l\u2019URL du site Web dans un t\u00e9moin. <\/p>\n\n<p>Ces t\u00e9moins ne sont l\u00e0 que pour faciliter la navigation et \u00e9viter que vous ayez \u00e0 fournir vos renseignements personnels \u00e0 r\u00e9p\u00e9tition. Ces t\u00e9moins durent un (1) an.<\/p>\n\n<p>Lorsque vous le publiez, le commentaire et ses m\u00e9tadonn\u00e9es sont conserv\u00e9s ind\u00e9finiment. Cela nous permet de reconna\u00eetre et d\u2019approuver automatiquement les commentaires aff\u00e9rents au lieu de les garder dans la file d\u2019attente du mod\u00e9rateur.<\/p>\n\n<h2 class=\"wp-block-heading\">Contenu multim\u00e9dia et g\u00e9n\u00e9r\u00e9 par l\u2019utilisateur<\/h2>\n\n<p>Pour t\u00e9l\u00e9charger des images sur le site Web, il est bon d\u2019\u00e9viter de t\u00e9l\u00e9charger des images qui comportent des donn\u00e9es de localisation int\u00e9gr\u00e9es (EXIF GPS). Les visiteurs du site Web peuvent t\u00e9l\u00e9charger et extraire toutes les donn\u00e9es de localisation \u00e0 partir des images du site Web.<\/p>\n\n<p>Si vous publiez ou modifiez un article ou d\u2019autres contenus sur notre site, un autre t\u00e9moin sera enregistr\u00e9 sur votre navigateur. Ce t\u00e9moin ne contient pas de renseignements personnels et indique simplement le \u00ab num\u00e9ro d\u2019identification \u00bb de l\u2019article ou des ressources que vous avez modifi\u00e9es. Ce type de t\u00e9moin s\u2019efface apr\u00e8s un (1) jour.<\/p>\n\n<h2 class=\"wp-block-heading\">Formulaires de communication<\/h2>\n\n<p>Vos renseignements sont transmis \u00e0 la base de donn\u00e9es du site et stock\u00e9s en toute s\u00e9curit\u00e9. Une confirmation est envoy\u00e9e \u00e0 notre organisation, mais aucun renseignement personnel autre que vos adresses de courriel et IP n\u2019est transmis par courriel.<\/p>\n\n<h2 class=\"wp-block-heading\">Comptes des membres<\/h2>\n\n<p>Si vous avez un compte ou un abonnement (inscription en ligne ou non), quand vous vous connecterez \u00e0 notre site Web, un t\u00e9moin temporaire sera configur\u00e9 pour d\u00e9terminer si votre navigateur accepte les t\u00e9moins. Ce t\u00e9moin ne contient aucun renseignement personnel et s\u2019efface quand vous fermez votre navigateur.<\/p>\n\n<p>De plus, lorsque vous ouvrez une session, plusieurs t\u00e9moins sont install\u00e9s pour enregistrer votre information de connexion et vos pr\u00e9f\u00e9rences d\u2019affichage. Les t\u00e9moins de connexion expirent au bout de deux (2) jours et ceux des pr\u00e9f\u00e9rences d\u2019affichage expirent au bout d\u2019un (1) an. Si vous s\u00e9lectionnez \u00ab Sauvegarder mes donn\u00e9es \u00bb, vos donn\u00e9es de connexion demeureront actives deux (2) semaines. Si vous fermez la session<br\/>avant le d\u00e9lai d\u2019expiration, les t\u00e9moins de connexion sont supprim\u00e9s.<\/p>\n\n<h2 class=\"wp-block-heading\">Statistiques<\/h2>\n\n<p>La fr\u00e9quentation du site est surveill\u00e9e par un l\u2019outil d\u2019analyse de Google inc., qui transmet les donn\u00e9es de fr\u00e9quentation du site Web aux serveurs de Google aux \u00c9tats-Unis. Google Analytics n\u2019identifie pas les utilisateurs et n\u2019associe pas votre adresse IP aux donn\u00e9es d\u00e9tenues par Google. Nous utilisons les rapports de Google Analytics pour nous aider \u00e0 comprendre les habitudes de fr\u00e9quentation et d\u2019utilisation des visiteurs du site et des pages Web.<\/p>\n\n<h2 class=\"wp-block-heading\">R\u00e9sum\u00e9 sur les t\u00e9moins<\/h2>\n\n<p>En conclusion, si vous refusez les t\u00e9moins de navigation de nos sites Web, vous pouvez configurer votre navigateur pour qu\u2019il refuse les t\u00e9moins. C\u2019est une op\u00e9ration qui se fait dans les param\u00e8tres de votre navigateur, qui varient selon les fournisseurs Toutefois, si vous choisissez cette option, nous ne pouvons pas garantir le bon fonctionnement de toutes les fonctions du site Web.<\/p>\n\n<h2 class=\"wp-block-heading\">Liens<\/h2>\n\n<p>Il se peut qu\u2019EOCT offre du contenu et des liens vers d\u2019autres sites Web, et ce, simplement pour vous donner la possibilit\u00e9 de consulter de l\u2019information aff\u00e9rente et int\u00e9ressante sur notre industrie. Ces sites Web de tiers \u00e9chappent \u00e0 notre contr\u00f4le et ne sont pas vis\u00e9s par la pr\u00e9sente politique de confidentialit\u00e9.<\/p>\n\n<p>Si vous visitez d\u2019autres sites Web en empruntant ces liens, il est possible que les op\u00e9rateurs de ces sites recueillent vos renseignements personnels. Veuillez v\u00e9rifier les conditions de la politique de confidentialit\u00e9 de tous ces sites tiers avant de soumettre des renseignements personnels.<\/p>\n\n<h2 class=\"wp-block-heading\">Proc\u00e9dure de protection des renseignements personnels<\/h2>\n\n<p>Aucun renseignement fourni par vous ou suivi par des t\u00e9moins ne sera divulgu\u00e9 \u00e0 un tiers sans votre consentement expr\u00e8s (ou selon ce que requiert\/permet le droit en vigueur).<\/p>\n\n<p>Voici les circonstances exceptionnelles dans lesquelles nous sommes autoris\u00e9s \u00e0 divulguer des renseignements personnels \u00e0 votre insu ou sans votre consentement:<\/p>\n\n<ul class=\"wp-block-list\"><li>Enqu\u00eate sur une rupture de contrat, ou une infraction \u00e0 une loi provinciale ou f\u00e9d\u00e9rale<\/li><li>En pr\u00e9sence d\u2019une assignation \u00e0 compara\u00eetre ou de toute autre exigence juridique<\/li><li>En cas d\u2019urgence, si la vie, la sant\u00e9 ou la s\u00e9curit\u00e9 d\u2019une personne est en danger.<\/li><\/ul>\n","protected":false},"excerpt":{"rendered":"<p>L\u2019\u00c9quipe des champions ontariens de l\u2019\u00e9ducation (OECT) s\u2019engage \u00e0 prot\u00e9ger vos renseignements personnels et votre droit \u00e0 la vie priv\u00e9e. Voici notre politique de confidentialit\u00e9. Qu\u2019est-ce que les renseignements personnels? Des renseignements qui vous identifient directement, comme le nom, l\u2019adresse, le num\u00e9ro de t\u00e9l\u00e9phone, l\u2019adresse courriel, l\u2019adresse IP et la signature; Ceux de nos produits [&hellip;]<\/p>\n","protected":false},"author":27,"featured_media":0,"parent":0,"menu_order":0,"comment_status":"closed","ping_status":"closed","template":"","meta":{"_acf_changed":false,"footnotes":""},"class_list":["post-5460","page","type-page","status-publish","hentry"],"acf":[],"featured_image_src":null,"featured_image_src_square":null,"_links":{"self":[{"href":"https:\/\/oect.ca\/fr\/wp-json\/wp\/v2\/pages\/5460","targetHints":{"allow":["GET"]}}],"collection":[{"href":"https:\/\/oect.ca\/fr\/wp-json\/wp\/v2\/pages"}],"about":[{"href":"https:\/\/oect.ca\/fr\/wp-json\/wp\/v2\/types\/page"}],"author":[{"embeddable":true,"href":"https:\/\/oect.ca\/fr\/wp-json\/wp\/v2\/users\/27"}],"replies":[{"embeddable":true,"href":"https:\/\/oect.ca\/fr\/wp-json\/wp\/v2\/comments?post=5460"}],"version-history":[{"count":1,"href":"https:\/\/oect.ca\/fr\/wp-json\/wp\/v2\/pages\/5460\/revisions"}],"predecessor-version":[{"id":5462,"href":"https:\/\/oect.ca\/fr\/wp-json\/wp\/v2\/pages\/5460\/revisions\/5462"}],"wp:attachment":[{"href":"https:\/\/oect.ca\/fr\/wp-json\/wp\/v2\/media?parent=5460"}],"curies":[{"name":"wp","href":"https:\/\/api.w.org\/{rel}","templated":true}]}}