{"id":5468,"date":"2021-04-03T11:58:17","date_gmt":"2021-04-03T15:58:17","guid":{"rendered":"https:\/\/oect.ca\/equipe-de-waterloo-wellington\/soutien-financier\/"},"modified":"2025-02-14T15:51:52","modified_gmt":"2025-02-14T20:51:52","slug":"soutien-financier","status":"publish","type":"page","link":"https:\/\/oect.ca\/fr\/equipe-de-waterloo-wellington\/soutien-financier\/","title":{"rendered":"Soutien financier"},"content":{"rendered":"\n<section class=\"tmn__outer\">\n\t<article class=\"tmn__repeater\">\n\t\t\t\t\t<ul class=\"tmn__inner\">\n\t\t\t    \t\t\t\t\t<li class=\"tmn__inner_item\"><a href=\"https:\/\/oect.ca\/fr\/equipe-de-waterloo-wellington\/\" class=\"button\">Page D\u2019\u00e9quipe<\/a><\/li>\n\n\t\t\t\t\t\t\t\t\t<li class=\"tmn__inner_item\"><a href=\"https:\/\/oect.ca\/fr\/equipe-de-waterloo-wellington\/soutien-financier\/\" class=\"button\">Soutien Financier<\/a><\/li>\n\n\t\t\t\t\t\t\t\t\t<li class=\"tmn__inner_item\"><a href=\"https:\/\/oect.ca\/fr\/equipe-de-waterloo-wellington\/programmes-parcours-et-ressources\/\" class=\"button\">Programmes Et Ressources<\/a><\/li>\n\n\t\t\t\t\t\t\t<\/ul>\n\t\t\t<\/article>\n<\/section>\n\n\n\n<div style=\"height:50px\" aria-hidden=\"true\" class=\"wp-block-spacer\"><\/div>\n\n\n<div class=\"wp-block-image\">\n<figure class=\"aligncenter size-large\"><img loading=\"lazy\" decoding=\"async\" width=\"1024\" height=\"683\" src=\"https:\/\/oect.ca\/wp-content\/uploads\/2020\/09\/financial-support-ykf-1024x683.jpg\" alt=\"Personnes d\u00e9tenant de l\u2019argent monopolistique\" class=\"wp-image-5377\" srcset=\"https:\/\/oect.ca\/wp-content\/uploads\/2020\/09\/financial-support-ykf-1024x683.jpg 1024w, https:\/\/oect.ca\/wp-content\/uploads\/2020\/09\/financial-support-ykf-300x200.jpg 300w, https:\/\/oect.ca\/wp-content\/uploads\/2020\/09\/financial-support-ykf-768x512.jpg 768w, https:\/\/oect.ca\/wp-content\/uploads\/2020\/09\/financial-support-ykf.jpg 1451w\" sizes=\"auto, (max-width: 1024px) 100vw, 1024px\" \/><\/figure>\n<\/div>\n\n\n<figure class=\"wp-block-embed is-type-video is-provider-vimeo wp-block-embed-vimeo aligncenter\"><div class=\"wp-block-embed__wrapper\">\n<div class=\"flex-video widescreen vimeo\"><iframe loading=\"lazy\" title=\"FACSW - Family and Children&#039;s Services Foundation - Scholarships - Short Version\" src=\"https:\/\/player.vimeo.com\/video\/44682390?dnt=1&amp;app_id=122963\" width=\"640\" height=\"360\" frameborder=\"0\" allow=\"autoplay; fullscreen; picture-in-picture; clipboard-write\"><\/iframe><\/div>\n<\/div><figcaption class=\"wp-element-caption\">Fondation des services \u00e0 la famille et \u00e0 l\u2019enfance &#8211; Bourses &#8211; Version courte de <a href=\"https:\/\/vimeo.com\/memorytree\">Memory Tree<\/a> on Vimeo.<\/figcaption><\/figure>\n\n\n\n<p>Les ressources financi\u00e8res offertes pour aider \u00e0 payer les frais de scolarit\u00e9 sont nombreuses. De nombreux coll\u00e8ges et universit\u00e9s offrent maintenant la scolarit\u00e9 GRATUITE aux jeunes qui sont ou qui ont \u00e9t\u00e9 des pupilles de l\u2019\u00c9tat. Consultez les liens ci-dessous ou parlez \u00e0 votre intervenant pour en savoir plus.  <\/p>\n\n\n\n<p class=\"accessible-link\">Pour conna\u00eetre les ressources provinciales, visitez la page \u00ab <a href=\"https:\/\/cwect.ca\/pathways\/i-need-money-for-school\/\">Pour se faire payer l\u2019\u00e9cole<\/a> \u00bb.<\/p>\n\n\n\n<p><strong>Ressources financi\u00e8res<\/strong><\/p>\n\n\n\n<ul class=\"wp-block-list\">\n<li class=\"accessible-link\"><a href=\"https:\/\/www.conestogac.on.ca\/financial-services\/awards\/\" target=\"_blank\" rel=\"noreferrer noopener\">Bourses et prix du Coll\u00e8ge Conestoga<\/a><\/li>\n\n\n\n<li class=\"accessible-link\"><a href=\"https:\/\/www.uoguelph.ca\/registrar\/studentfinance\/bursaries\/index\" target=\"_blank\" rel=\"noreferrer noopener\">Bourses et services financiers de l\u2019Universit\u00e9 Guelph<\/a><\/li>\n\n\n\n<li class=\"accessible-link\"><a href=\"https:\/\/uwaterloo.ca\/student-awards-financial-aid\/\" target=\"_blank\" rel=\"noreferrer noopener\">Services financiers de l\u2019Universit\u00e9 de Waterloo<\/a><\/li>\n\n\n\n<li class=\"accessible-link\"><a href=\"https:\/\/uwaterloo.ca\/renison\/current-students\/tuition-financial-aid\" target=\"_blank\" rel=\"noreferrer noopener\">Services financiers du Coll\u00e8ge Renison<\/a><\/li>\n\n\n\n<li class=\"accessible-link\"><a href=\"https:\/\/www.wlu.ca\/studentawards\/index.html\" target=\"_blank\" rel=\"noreferrer noopener\">Services financiers de l\u2019Universit\u00e9 Wilfrid Laurier<\/a><\/li>\n<\/ul>\n\n\n\n<p><strong>Fondations d\u2019aide \u00e0 l\u2019enfance<\/strong><\/p>\n\n\n\n<ul class=\"wp-block-list\">\n<li class=\"accessible-link\">Fonds Guelph Wellington <a href=\"http:\/\/www.fcsgw.org\/how-to-help\/children-first-fund\/\" target=\"_blank\" rel=\"noreferrer noopener\">Children First<\/a><\/li>\n\n\n\n<li class=\"accessible-link\">Fondation des services \u00e0 <a href=\"https:\/\/www.facswaterloo.org\/foundation\" target=\"_blank\" rel=\"noreferrer noopener\">la famille et \u00e0 l\u2019enfancede Kitchener Waterloo<\/a><\/li>\n<\/ul>\n\n\n\n<p><strong>Autres bourses et aide financi\u00e8re<\/strong><\/p>\n\n\n\n<p class=\"accessible-link\">Pour trouver davantage de ressources, visitez la page \u00ab <a href=\"https:\/\/oect.ca\/fr\/collecte-des-fonds-pour-les-ecoles\/\">Pour se faire payer l\u2019\u00e9cole<\/a> \u00bb.<\/p>\n\n\n\n<p>Pour en savoir plus, communiquez avec votre intervenant ou avec le bureau de l\u2019aide financi\u00e8re et des bourses aux \u00e9tudiants de votre \u00e9tablissement.<\/p>\n","protected":false},"excerpt":{"rendered":"<p>Les ressources financi\u00e8res offertes pour aider \u00e0 payer les frais de scolarit\u00e9 sont nombreuses. De nombreux coll\u00e8ges et universit\u00e9s offrent maintenant la scolarit\u00e9 GRATUITE aux jeunes qui sont ou qui ont \u00e9t\u00e9 des pupilles de l\u2019\u00c9tat. Consultez les liens ci-dessous ou parlez \u00e0 votre intervenant pour en savoir plus. Pour conna\u00eetre les ressources provinciales, visitez [&hellip;]<\/p>\n","protected":false},"author":4,"featured_media":0,"parent":5466,"menu_order":0,"comment_status":"closed","ping_status":"closed","template":"page-team.php","meta":{"_acf_changed":false,"footnotes":""},"class_list":["post-5468","page","type-page","status-publish","hentry"],"acf":[],"featured_image_src":null,"featured_image_src_square":null,"_links":{"self":[{"href":"https:\/\/oect.ca\/fr\/wp-json\/wp\/v2\/pages\/5468","targetHints":{"allow":["GET"]}}],"collection":[{"href":"https:\/\/oect.ca\/fr\/wp-json\/wp\/v2\/pages"}],"about":[{"href":"https:\/\/oect.ca\/fr\/wp-json\/wp\/v2\/types\/page"}],"author":[{"embeddable":true,"href":"https:\/\/oect.ca\/fr\/wp-json\/wp\/v2\/users\/4"}],"replies":[{"embeddable":true,"href":"https:\/\/oect.ca\/fr\/wp-json\/wp\/v2\/comments?post=5468"}],"version-history":[{"count":3,"href":"https:\/\/oect.ca\/fr\/wp-json\/wp\/v2\/pages\/5468\/revisions"}],"predecessor-version":[{"id":6631,"href":"https:\/\/oect.ca\/fr\/wp-json\/wp\/v2\/pages\/5468\/revisions\/6631"}],"up":[{"embeddable":true,"href":"https:\/\/oect.ca\/fr\/wp-json\/wp\/v2\/pages\/5466"}],"wp:attachment":[{"href":"https:\/\/oect.ca\/fr\/wp-json\/wp\/v2\/media?parent=5468"}],"curies":[{"name":"wp","href":"https:\/\/api.w.org\/{rel}","templated":true}]}}