{"id":5704,"date":"2021-11-26T16:01:08","date_gmt":"2021-11-26T21:01:08","guid":{"rendered":"https:\/\/oect.ca\/kingston-frontenac-lennox-addington-hastings-equipe-du-comte-de-prince-edward\/"},"modified":"2025-02-14T16:10:29","modified_gmt":"2025-02-14T21:10:29","slug":"kingston-frontenac-lennox-addington-hastings-equipe-du-comte-de-prince-edward","status":"publish","type":"page","link":"https:\/\/oect.ca\/fr\/kingston-frontenac-lennox-addington-hastings-equipe-du-comte-de-prince-edward\/","title":{"rendered":"Kingston-Frontenac \/ Lennox-Addington \/ Hastings \/ \u00c9quipe du comt\u00e9 de Prince Edward"},"content":{"rendered":"\n<section class=\"tmn__outer\">\n\t<article class=\"tmn__repeater\">\n\t\t\t\t\t<ul class=\"tmn__inner\">\n\t\t\t    \t\t\t\t\t<li class=\"tmn__inner_item\"><a href=\"https:\/\/oect.ca\/fr\/kingston-frontenac-lennox-addington-hastings-equipe-du-comte-de-prince-edward\/\" class=\"button\">Notre \u00c9quipe<\/a><\/li>\n\n\t\t\t\t\t\t\t\t\t<li class=\"tmn__inner_item\"><a href=\"https:\/\/oect.ca\/fr\/kingston-frontenac-lennox-addington-hastings-equipe-du-comte-de-prince-edward\/education-et-emploi\/\" class=\"button\">\u00c9ducation et Emploi<\/a><\/li>\n\n\t\t\t\t\t\t\t\t\t<li class=\"tmn__inner_item\"><a href=\"https:\/\/oect.ca\/fr\/kingston-frontenac-lennox-addington-hastings-equipe-du-comte-de-prince-edward\/ressources-autochtones-et-ressources-supplementaires\/\" class=\"button\">Ressources Autochtones et Ressources Suppl\u00e9mentaires<\/a><\/li>\n\n\t\t\t\t\t\t\t<\/ul>\n\t\t\t<\/article>\n<\/section>\n\n\n\n<p>L\u2019\u00e9quipe des champions ontariens de l\u2019\u00e9ducation (OECT en anglais) est un partenariat communautaire entre les soci\u00e9t\u00e9s d\u2019aide \u00e0 l\u2019enfance, les conseils scolaires, les \u00e9tablissements d\u2019enseignement postsecondaires, les services de soutien \u00e0 la jeunesse et les services d\u2019emploi jeunesse.<\/p>\n\n\n\n<div class=\"wp-block-columns is-layout-flex wp-container-core-columns-is-layout-9d6595d7 wp-block-columns-is-layout-flex\">\n<div class=\"wp-block-column is-layout-flow wp-block-column-is-layout-flow\" style=\"flex-basis:33.33%\"><div class=\"wp-block-image\">\n<figure class=\"aligncenter size-full is-resized\"><img loading=\"lazy\" decoding=\"async\" width=\"2100\" height=\"1290\" src=\"https:\/\/oect.ca\/wp-content\/uploads\/2021\/08\/BeTheBold-Logo-1.png\" alt=\"Soyez Audacieux\" class=\"wp-image-5501\" style=\"width:350px;height:220px\" srcset=\"https:\/\/oect.ca\/wp-content\/uploads\/2021\/08\/BeTheBold-Logo-1.png 2100w, https:\/\/oect.ca\/wp-content\/uploads\/2021\/08\/BeTheBold-Logo-1-300x184.png 300w, https:\/\/oect.ca\/wp-content\/uploads\/2021\/08\/BeTheBold-Logo-1-1024x629.png 1024w, https:\/\/oect.ca\/wp-content\/uploads\/2021\/08\/BeTheBold-Logo-1-768x472.png 768w, https:\/\/oect.ca\/wp-content\/uploads\/2021\/08\/BeTheBold-Logo-1-1536x944.png 1536w, https:\/\/oect.ca\/wp-content\/uploads\/2021\/08\/BeTheBold-Logo-1-2048x1258.png 2048w, https:\/\/oect.ca\/wp-content\/uploads\/2021\/08\/BeTheBold-Logo-1-1568x963.png 1568w\" sizes=\"auto, (max-width: 2100px) 100vw, 2100px\" \/><\/figure>\n<\/div><\/div>\n\n\n\n<div class=\"wp-block-column is-layout-flow wp-block-column-is-layout-flow\" style=\"flex-basis:66.66%\">\n<p>Nous comptons des repr\u00e9sentants de la John Howard Society, de Highland Shores Children\u2019s Aid, de l\u2019Algonquin Lakeshore Catholic District School Board, du Hastings Prince Edward District School Board, de Resolve Counselling Kingston, du Centre d\u2019emploi KEYS, du Limestone District School Board, du Loyalist College, de la Queen\u2019s University, du St. Lawrence College, du Family &amp; Children Services of Frontenac, ainsi que des Lennox &amp; Addington et du Dnaagdawenmag Binnoojiiyag Child &amp; Family Services. <\/p>\n\n\n\n<p>Ensemble, nous \u00e9laborons et mettons en \u0153uvre des strat\u00e9gies pour soutenir les jeunes pris en charge \u00e0 tous les niveaux du syst\u00e8me d\u2019\u00e9ducation, motiver leur participation et augmenter leurs chances de succ\u00e8s, tout en les pr\u00e9parant \u00e0 l\u2019emploi. <\/p>\n<\/div>\n<\/div>\n\n\n\n<p><strong>Pour de plus amples informations sur les services offerts par ces organismes, veuillez cliquer sur le logo correspondant ci-dessours pour acc\u00e9der directement \u00e0 leur site Web.<\/strong> <\/p>\n\n\n\n<h2 class=\"wp-block-heading\">Partenaires<\/h2>\n\n\n\n<div class=\"wp-block-columns is-layout-flex wp-container-core-columns-is-layout-9d6595d7 wp-block-columns-is-layout-flex\">\n<div class=\"wp-block-column is-layout-flow wp-block-column-is-layout-flow\"><div class=\"wp-block-image\">\n<figure class=\"aligncenter size-full is-resized\"><a href=\"http:\/\/www.alcdsb.on.ca\/Pages\/default.aspx#\/=\"><img loading=\"lazy\" decoding=\"async\" width=\"529\" height=\"145\" src=\"https:\/\/oect.ca\/wp-content\/uploads\/2021\/10\/Picture1-1.png\" alt=\"Algonquin et Lakeshore\" class=\"wp-image-5602\" style=\"width:271px;height:75px\" srcset=\"https:\/\/oect.ca\/wp-content\/uploads\/2021\/10\/Picture1-1.png 529w, https:\/\/oect.ca\/wp-content\/uploads\/2021\/10\/Picture1-1-300x82.png 300w\" sizes=\"auto, (max-width: 529px) 100vw, 529px\" \/><\/a><\/figure>\n<\/div><\/div>\n\n\n\n<div class=\"wp-block-column is-layout-flow wp-block-column-is-layout-flow\"><div class=\"wp-block-image\">\n<figure class=\"aligncenter size-full is-resized\"><a href=\"http:\/\/www.hpedsb.on.ca\/\"><img loading=\"lazy\" decoding=\"async\" width=\"224\" height=\"139\" src=\"https:\/\/oect.ca\/wp-content\/uploads\/2021\/10\/Picture2-1.png\" alt=\"Conseil scolaire du district de Hastings et Prince Edward\" class=\"wp-image-5604\" style=\"width:142px;height:88px\"\/><\/a><\/figure>\n<\/div><\/div>\n\n\n\n<div class=\"wp-block-column is-layout-flow wp-block-column-is-layout-flow\"><div class=\"wp-block-image\">\n<figure class=\"aligncenter size-full is-resized\"><a href=\"https:\/\/johnhoward.on.ca\/belleville\/\"><img loading=\"lazy\" decoding=\"async\" width=\"252\" height=\"50\" src=\"https:\/\/oect.ca\/wp-content\/uploads\/2021\/10\/Picture4-1.png\" alt=\"Soci\u00e9t\u00e9 John Howard de Belleville et district\" class=\"wp-image-5606\" style=\"width:235px;height:47px\"\/><\/a><\/figure>\n<\/div><\/div>\n<\/div>\n\n\n\n<div class=\"wp-block-columns is-layout-flex wp-container-core-columns-is-layout-9d6595d7 wp-block-columns-is-layout-flex\">\n<div class=\"wp-block-column is-layout-flow wp-block-column-is-layout-flow\"><div class=\"wp-block-image\">\n<figure class=\"aligncenter size-full is-resized\"><a href=\"https:\/\/www.keys.ca\/\"><img loading=\"lazy\" decoding=\"async\" width=\"545\" height=\"216\" src=\"https:\/\/oect.ca\/wp-content\/uploads\/2021\/10\/Picture5-1.png\" alt=\"Keys Job Centre D'emploi\" class=\"wp-image-5610\" style=\"width:154px;height:61px\" srcset=\"https:\/\/oect.ca\/wp-content\/uploads\/2021\/10\/Picture5-1.png 545w, https:\/\/oect.ca\/wp-content\/uploads\/2021\/10\/Picture5-1-300x119.png 300w\" sizes=\"auto, (max-width: 545px) 100vw, 545px\" \/><\/a><\/figure>\n<\/div><\/div>\n\n\n\n<div class=\"wp-block-column is-layout-flow wp-block-column-is-layout-flow\"><div class=\"wp-block-image\">\n<figure class=\"aligncenter size-full is-resized\"><a href=\"https:\/\/www.limestone.on.ca\/\"><img loading=\"lazy\" decoding=\"async\" width=\"139\" height=\"197\" src=\"https:\/\/oect.ca\/wp-content\/uploads\/2021\/10\/Picture3-2.png\" alt=\"Limestone District School Board\" class=\"wp-image-5612\" style=\"width:88px;height:123px\"\/><\/a><\/figure>\n<\/div><\/div>\n\n\n\n<div class=\"wp-block-column is-layout-flow wp-block-column-is-layout-flow\"><div class=\"wp-block-image\">\n<figure class=\"aligncenter size-full is-resized\"><a href=\"https:\/\/www.facsfla.ca\/\"><img loading=\"lazy\" decoding=\"async\" width=\"331\" height=\"75\" src=\"https:\/\/oect.ca\/wp-content\/uploads\/2021\/10\/Picture11.png\" alt=\"Frontenac Lennon et Addington\" class=\"wp-image-5561\" style=\"width:255px;height:58px\" srcset=\"https:\/\/oect.ca\/wp-content\/uploads\/2021\/10\/Picture11.png 331w, https:\/\/oect.ca\/wp-content\/uploads\/2021\/10\/Picture11-300x68.png 300w\" sizes=\"auto, (max-width: 331px) 100vw, 331px\" \/><\/a><\/figure>\n<\/div><\/div>\n<\/div>\n\n\n\n<div class=\"wp-block-columns is-layout-flex wp-container-core-columns-is-layout-9d6595d7 wp-block-columns-is-layout-flex\">\n<div class=\"wp-block-column is-layout-flow wp-block-column-is-layout-flow\"><div class=\"wp-block-image\">\n<figure class=\"aligncenter size-full is-resized\"><a href=\"https:\/\/resolvecounselling.org\/\"><img loading=\"lazy\" decoding=\"async\" width=\"289\" height=\"100\" src=\"https:\/\/oect.ca\/wp-content\/uploads\/2021\/10\/Picture6-1.png\" alt=\"Resolve Counselling Services Canada\" class=\"wp-image-5615\" style=\"width:246px;height:85px\"\/><\/a><\/figure>\n<\/div><\/div>\n\n\n\n<div class=\"wp-block-column is-layout-flow wp-block-column-is-layout-flow\"><div class=\"wp-block-image\">\n<figure class=\"aligncenter size-full is-resized\"><a href=\"https:\/\/www.loyalistcollege.com\/\"><img loading=\"lazy\" decoding=\"async\" width=\"210\" height=\"183\" src=\"https:\/\/oect.ca\/wp-content\/uploads\/2021\/10\/Picture7-2.png\" alt=\"Loyalist College of Applied arts and technology\" class=\"wp-image-5627\" style=\"width:139px;height:121px\"\/><\/a><\/figure>\n<\/div><\/div>\n\n\n\n<div class=\"wp-block-column is-layout-flow wp-block-column-is-layout-flow\"><div class=\"wp-block-image\">\n<figure class=\"aligncenter size-full is-resized\"><a href=\"https:\/\/www.queensu.ca\/\"><img loading=\"lazy\" decoding=\"async\" width=\"247\" height=\"183\" src=\"https:\/\/oect.ca\/wp-content\/uploads\/2021\/10\/Picture8-2.png\" alt=\"Queens University\" class=\"wp-image-5629\" style=\"width:141px;height:104px\"\/><\/a><\/figure>\n<\/div><\/div>\n<\/div>\n\n\n\n<div class=\"wp-block-columns is-layout-flex wp-container-core-columns-is-layout-9d6595d7 wp-block-columns-is-layout-flex\">\n<div class=\"wp-block-column is-layout-flow wp-block-column-is-layout-flow\"><div class=\"wp-block-image\">\n<figure class=\"aligncenter size-full is-resized\"><a href=\"https:\/\/www.stlawrencecollege.ca\/\"><img loading=\"lazy\" decoding=\"async\" width=\"316\" height=\"183\" src=\"https:\/\/oect.ca\/wp-content\/uploads\/2021\/10\/Picture9-2.png\" alt=\"St Lawrence College\" class=\"wp-image-5631\" style=\"width:145px;height:84px\" srcset=\"https:\/\/oect.ca\/wp-content\/uploads\/2021\/10\/Picture9-2.png 316w, https:\/\/oect.ca\/wp-content\/uploads\/2021\/10\/Picture9-2-300x174.png 300w\" sizes=\"auto, (max-width: 316px) 100vw, 316px\" \/><\/a><\/figure>\n<\/div><\/div>\n\n\n\n<div class=\"wp-block-column is-layout-flow wp-block-column-is-layout-flow\"><div class=\"wp-block-image\">\n<figure class=\"aligncenter size-full is-resized\"><a href=\"https:\/\/www.binnoojiiyag.ca\/\"><img loading=\"lazy\" decoding=\"async\" width=\"318\" height=\"95\" src=\"https:\/\/oect.ca\/wp-content\/uploads\/2021\/10\/Picture10-2.png\" alt=\"Dnaagdawenmag Binnoojiyag Child and Family Services\" class=\"wp-image-5633\" style=\"width:218px;height:65px\" srcset=\"https:\/\/oect.ca\/wp-content\/uploads\/2021\/10\/Picture10-2.png 318w, https:\/\/oect.ca\/wp-content\/uploads\/2021\/10\/Picture10-2-300x90.png 300w\" sizes=\"auto, (max-width: 318px) 100vw, 318px\" \/><\/a><\/figure>\n<\/div><\/div>\n\n\n\n<div class=\"wp-block-column is-layout-flow wp-block-column-is-layout-flow\"><div class=\"wp-block-image\">\n<figure class=\"aligncenter size-full is-resized\"><a href=\"https:\/\/highlandshorescas.com\/\"><img loading=\"lazy\" decoding=\"async\" width=\"322\" height=\"100\" src=\"https:\/\/oect.ca\/wp-content\/uploads\/2021\/10\/Picture12-2.png\" alt=\"Highland Shores Children's Aid\" class=\"wp-image-5635\" style=\"width:196px;height:61px\" srcset=\"https:\/\/oect.ca\/wp-content\/uploads\/2021\/10\/Picture12-2.png 322w, https:\/\/oect.ca\/wp-content\/uploads\/2021\/10\/Picture12-2-300x93.png 300w\" sizes=\"auto, (max-width: 322px) 100vw, 322px\" \/><\/a><\/figure>\n<\/div><\/div>\n<\/div>\n","protected":false},"excerpt":{"rendered":"<p>L\u2019\u00e9quipe des champions ontariens de l\u2019\u00e9ducation (OECT en anglais) est un partenariat communautaire entre les soci\u00e9t\u00e9s d\u2019aide \u00e0 l\u2019enfance, les conseils scolaires, les \u00e9tablissements d\u2019enseignement postsecondaires, les services de soutien \u00e0 la jeunesse et les services d\u2019emploi jeunesse. Nous comptons des repr\u00e9sentants de la John Howard Society, de Highland Shores Children\u2019s Aid, de l\u2019Algonquin Lakeshore [&hellip;]<\/p>\n","protected":false},"author":15,"featured_media":0,"parent":0,"menu_order":0,"comment_status":"closed","ping_status":"open","template":"page-team.php","meta":{"_acf_changed":false,"footnotes":""},"class_list":["post-5704","page","type-page","status-publish","hentry"],"acf":[],"featured_image_src":null,"featured_image_src_square":null,"_links":{"self":[{"href":"https:\/\/oect.ca\/fr\/wp-json\/wp\/v2\/pages\/5704","targetHints":{"allow":["GET"]}}],"collection":[{"href":"https:\/\/oect.ca\/fr\/wp-json\/wp\/v2\/pages"}],"about":[{"href":"https:\/\/oect.ca\/fr\/wp-json\/wp\/v2\/types\/page"}],"author":[{"embeddable":true,"href":"https:\/\/oect.ca\/fr\/wp-json\/wp\/v2\/users\/15"}],"replies":[{"embeddable":true,"href":"https:\/\/oect.ca\/fr\/wp-json\/wp\/v2\/comments?post=5704"}],"version-history":[{"count":2,"href":"https:\/\/oect.ca\/fr\/wp-json\/wp\/v2\/pages\/5704\/revisions"}],"predecessor-version":[{"id":6636,"href":"https:\/\/oect.ca\/fr\/wp-json\/wp\/v2\/pages\/5704\/revisions\/6636"}],"wp:attachment":[{"href":"https:\/\/oect.ca\/fr\/wp-json\/wp\/v2\/media?parent=5704"}],"curies":[{"name":"wp","href":"https:\/\/api.w.org\/{rel}","templated":true}]}}