{"id":5706,"date":"2021-11-26T16:27:30","date_gmt":"2021-11-26T21:27:30","guid":{"rendered":"https:\/\/oect.ca\/education-et-emploi-2\/"},"modified":"2025-02-14T16:13:43","modified_gmt":"2025-02-14T21:13:43","slug":"education-et-emploi","status":"publish","type":"page","link":"https:\/\/oect.ca\/fr\/kingston-frontenac-lennox-addington-hastings-equipe-du-comte-de-prince-edward\/education-et-emploi\/","title":{"rendered":"\u00c9ducation et Emploi"},"content":{"rendered":"\n<section class=\"tmn__outer\">\n\t<article class=\"tmn__repeater\">\n\t\t\t\t\t<ul class=\"tmn__inner\">\n\t\t\t    \t\t\t\t\t<li class=\"tmn__inner_item\"><a href=\"https:\/\/oect.ca\/fr\/kingston-frontenac-lennox-addington-hastings-equipe-du-comte-de-prince-edward\/\" class=\"button\">Notre \u00c9quipe<\/a><\/li>\n\n\t\t\t\t\t\t\t\t\t<li class=\"tmn__inner_item\"><a href=\"https:\/\/oect.ca\/fr\/kingston-frontenac-lennox-addington-hastings-equipe-du-comte-de-prince-edward\/education-et-emploi\/\" class=\"button\">\u00c9ducation et Emploi<\/a><\/li>\n\n\t\t\t\t\t\t\t\t\t<li class=\"tmn__inner_item\"><a href=\"https:\/\/oect.ca\/fr\/kingston-frontenac-lennox-addington-hastings-equipe-du-comte-de-prince-edward\/ressources-autochtones-et-ressources-supplementaires\/\" class=\"button\">Ressources Autochtones et Ressources Suppl\u00e9mentaires<\/a><\/li>\n\n\t\t\t\t\t\t\t<\/ul>\n\t\t\t<\/article>\n<\/section>\n\n\n\n<p>Notre \u00e9quipe veille \u00e0 la r\u00e9ussite de nos jeunes \u00e0 tous les niveaux de leur \u00e9ducation, de l\u2019obtention du dipl\u00f4me d\u2019\u00e9tudes secondaires aux \u00e9tudes postsecondaires en passant par les coll\u00e8ges, les universit\u00e9s et les \u00e9coles de m\u00e9tiers. <\/p>\n\n\n\n<h2 class=\"wp-block-heading\">Terminer ses \u00c9tudes<\/h2>\n\n\n\n<p class=\"accessible-link\"><strong>Des services d\u2019\u00e9ducation des adultes et de formation continue<\/strong> sont offerts par <a href=\"http:\/\/www.alcdsb.on.ca\/programs\/Pages\/Loyola-Adult-and-Continuing-Education.aspx#\/=\" target=\"_blank\" rel=\"noreferrer noopener\">l\u2019Algonquin Lakeshore Catholic District School Board<\/a>, le <a href=\"http:\/\/www.hpedsb.on.ca\/students\/distance-education\/quinte-adult-education\/\" target=\"_blank\" rel=\"noreferrer noopener\">Hastings &amp; Prince Edward District School Board<\/a> et le <a href=\"https:\/\/communityed.limestone.on.ca\/programs\/adult_education\" target=\"_blank\" rel=\"noreferrer noopener\">Limestone District School Board.<\/a> <\/p>\n\n\n\n<p class=\"accessible-link\"><strong>Le Programme d\u2019apprentissage pour les jeunes de l\u2019Ontario (PAJO, OYAP en anglais)<\/strong> qui vise \u00e0 aider les \u00e9l\u00e8ves avec leur recherche de carri\u00e8re dans des m\u00e9tiers sp\u00e9cialis\u00e9s est offert par <a href=\"http:\/\/www.alcdsb.on.ca\/programs\/oyap\/Pages\/default.aspx#\/=\" target=\"_blank\" rel=\"noreferrer noopener\">l\u2019Algonquin &amp; Lakeshore Catholic District School Board<\/a> et le <a href=\"http:\/\/www.hpedsb.on.ca\/community-families\/find-a-school\/programs\/the-ontario-youth-apprenticeship-program-oyap\/\" target=\"_blank\" rel=\"noreferrer noopener\">Hastings &amp; Prince Edward District School Board.<\/a> <\/p>\n\n\n\n<p class=\"accessible-link\"><strong>L\u2019Algonquin &amp; Lakeshore Catholic District School Board<\/strong> offre \u00e9galement les programmes <a href=\"http:\/\/www.alcdsb.on.ca\/programs\/mentalHeath\/Pages\/default.aspx#\/=\" target=\"_blank\" rel=\"noreferrer noopener\">Sant\u00e9 mentale et bien-\u00eatre<\/a>, <a href=\"http:\/\/www.alcdsb.on.ca\/programs\/Pages\/Outdoor-Education.aspx#\/=\" target=\"_blank\" rel=\"noreferrer noopener\">Enseignement en plein air<\/a> et <a href=\"http:\/\/www.alcdsb.on.ca\/programs\/shsm\/Pages\/default.aspx#\/=\" target=\"_blank\" rel=\"noreferrer noopener\">Majeure haute sp\u00e9cialisation \u00e0 ses \u00e9l\u00e8ves.<\/a> <\/p>\n\n\n\n<p class=\"accessible-link\"><strong>Le Hastings &amp; Prince Edward District School Board<\/strong>offre \u00e9galement les programmes <a href=\"http:\/\/www.hpedsb.on.ca\/community-families\/find-a-school\/programs\/cooperative-education\/\" target=\"_blank\" rel=\"noreferrer noopener\">\u00c9ducation coop\u00e9rative,<\/a> <a href=\"http:\/\/www.hpedsb.on.ca\/community-families\/find-a-school\/programs\/dual-credits\/\" target=\"_blank\" rel=\"noreferrer noopener\">Double reconnaissance de cr\u00e9dit<\/a> et <a href=\"http:\/\/www.hpedsb.on.ca\/community-families\/find-a-school\/programs\/shape-south-hastings-alternative-personalized-education\/\" target=\"_blank\" rel=\"noreferrer noopener\">South Hastings Alternative Personalised Education (SHAPE)<\/a>, qui propose un cadre \u00e9ducatif pour les \u00e9tudiants ayant besoin d\u2019aide suppl\u00e9mentaire afin d\u2019obtenir des cr\u00e9dits en vue de l\u2019obtention du dipl\u00f4me. <\/p>\n\n\n\n<p class=\"accessible-link\"><strong>Le Limestone District School Board<\/strong> offre \u00e9galement le programme <a href=\"https:\/\/www.limestone.on.ca\/programming\/alternative_education\" target=\"_blank\" rel=\"noreferrer noopener\">\u00c9ducation alternative<\/a> et <a href=\"https:\/\/www.limestone.on.ca\/programming\/expanded_opportunities\" target=\"_blank\" rel=\"noreferrer noopener\">\u00c9ducation coop\u00e9rative \u00e9largie<\/a> qui aident les \u00e9l\u00e8ves de la 7e \u00e0 la 12e ann\u00e9e \u00e0 personnaliser leur \u00e9ducation en fonction de leurs forces, de leurs objectifs et de leurs int\u00e9r\u00eats. <\/p>\n\n\n\n<p class=\"accessible-link\"><strong>La<\/strong> <strong>John Howard Society<\/strong> travaille aupr\u00e8s des jeunes de la communaut\u00e9 en offrant de nombreux programmes tels que le <a href=\"https:\/\/johnhoward.on.ca\/belleville\/services\/hastings-youth-collective-impact-project\/\" target=\"_blank\" rel=\"noreferrer noopener\">Programme des partenariats d\u2019action<\/a> pour les jeunes (visant \u00e0 am\u00e9liorer le taux de dipl\u00f4mation d\u2019\u00e9tudes secondaires chez les jeunes \u00e0 risque de ne pas obtenir leur dipl\u00f4me et chez ceux qui ont d\u00e9j\u00e0 quitt\u00e9 l\u2019\u00e9cole sans dipl\u00f4me) et <a href=\"https:\/\/johnhoward.on.ca\/belleville\/services\/quantum\/\" target=\"_blank\" rel=\"noreferrer noopener\">Quantum<\/a> (offre une prise en charge int\u00e9gr\u00e9e de l\u2019\u00e9l\u00e8ve pour toute la dur\u00e9e secondaire). <\/p>\n\n\n\n<p class=\"accessible-link\"><strong>Le Loyalist College<\/strong> propose une vari\u00e9t\u00e9 de <a href=\"https:\/\/www.loyalistcollege.com\/search-results\/?q=bursaries\" target=\"_blank\" rel=\"noreferrer noopener\">bourses d\u2019\u00e9tudes, de prix de reconnaissance,<\/a><a href=\"https:\/\/www.loyalistcollege.com\/programs-and-courses\/full-time-programs\/\" target=\"_blank\" rel=\"noreferrer noopener\">de programmes<\/a> et de <a href=\"https:\/\/www.loyalistcollege.com\/current-students\/student-success-services\/\" target=\"_blank\" rel=\"noreferrer noopener\">services de soutien aux \u00e9l\u00e8ves.<\/a> <\/p>\n\n\n\n<p class=\"accessible-link\"><strong>Le St. Lawrence College<\/strong>offre plus de 100 <a href=\"https:\/\/www.stlawrencecollege.ca\/programs\" target=\"_blank\" rel=\"noreferrer noopener\">programmes \u00e0 temps plein<\/a> ainsi que des <a href=\"https:\/\/www.stlawrencecollege.ca\/services\/academic\" target=\"_blank\" rel=\"noreferrer noopener\">Services de soutien aux \u00e9l\u00e8ves<\/a> et des <a href=\"https:\/\/www.stlawrencecollege.ca\/fees\/bursaries-and-scholarships\" target=\"_blank\" rel=\"noreferrer noopener\">bourses d\u2019\u00e9tudes.<\/a> <\/p>\n\n\n\n<p class=\"accessible-link\"><strong>L\u2019Universit\u00e9 Queens<\/strong> propose diff\u00e9rents programmes <a href=\"https:\/\/www.queensu.ca\/academics\/programs#program-department-filter\" target=\"_blank\" rel=\"noreferrer noopener\">(programmes, facult\u00e9s et d\u00e9partements),<\/a> ainsi que des <a href=\"https:\/\/www.queensu.ca\/studentawards\/\" target=\"_blank\" rel=\"noreferrer noopener\">bourses d\u2019\u00e9tudes<\/a> et des <a href=\"https:\/\/www.queensu.ca\/inclusive\/\" target=\"_blank\" rel=\"noreferrer noopener\">services de soutien aux \u00e9l\u00e8ves.<\/a> <\/p>\n\n\n\n<p class=\"accessible-link\"><strong>Le First Nations Technical Institute<\/strong> <a href=\"https:\/\/fnti.net\/\" target=\"_blank\" rel=\"noreferrer noopener\">(FNTI)<\/a> est un \u00e9tablissement autochtone qui, en partenariat avec plusieurs coll\u00e8ges et universit\u00e9s de l\u2019Ontario, offre des <a href=\"https:\/\/fnti.net\/programs\" target=\"_blank\" rel=\"noreferrer noopener\">programmes d\u2019\u00e9tudes postsecondaires align\u00e9s sur la culture des \u00e9l\u00e8ves.<\/a> La plupart des cours sont offerts en mode intensif afin de permettre aux \u00e9tudiants d\u2019apprendre tout en continuant \u00e0 travailler et sont dispens\u00e9s dans des communaut\u00e9s d\u2019un bout \u00e0 l\u2019autre du pays. <\/p>\n\n\n\n<p><\/p>\n\n\n\n<div class=\"wp-block-columns is-layout-flex wp-container-core-columns-is-layout-9d6595d7 wp-block-columns-is-layout-flex\">\n<div class=\"wp-block-column is-layout-flow wp-block-column-is-layout-flow\">\n<p>COLL\u00c8GES ET UNIVERSIT\u00c9S <\/p>\n\n\n\n<ul class=\"wp-block-list\">\n<li>R\u00e9pertoire universitaire et coll\u00e9gial <a href=\"http:\/\/www.canadian-universities.net\/index.html\" target=\"_blank\" rel=\"noreferrer noopener\">Canadian Universities and Colleges<\/a> (r\u00e9pertorie les coll\u00e8ges et universit\u00e9s par province et fournit des informations concernant les demandes d\u2019admission, les frais de scolarit\u00e9, les visites du campus, etc.) <\/li>\n\n\n\n<li><a href=\"http:\/\/www.edu.gov.on.ca\/morestudentsuccess\/SHSM.html\" target=\"_blank\" rel=\"noreferrer noopener\">Majeure haute sp\u00e9cialisation<\/a> (permet aux \u00e9l\u00e8ves de se concentrer sur un cheminement de carri\u00e8re qui correspond \u00e0 leurs comp\u00e9tences et \u00e0 leurs int\u00e9r\u00eats tout en r\u00e9pondant aux exigences du dipl\u00f4me d\u2019\u00e9tudes secondaires de l\u2019Ontario (DESO\/OSSD). <\/li>\n<\/ul>\n<\/div>\n\n\n\n<div class=\"wp-block-column is-layout-flow wp-block-column-is-layout-flow\">\n<p>PROGRAMMES POUR APPRENTIS <\/p>\n\n\n\n<ul class=\"wp-block-list\">\n<li><a href=\"https:\/\/www.apprenticesearch.com\/\" target=\"_blank\" rel=\"noreferrer noopener\">Apprenticeship Search<\/a>est un site Web qui met en relation des employeurs et des apprentis partout en Ontario. <\/li>\n\n\n\n<li><a href=\"https:\/\/www.ontario.ca\/page\/start-apprenticeship\" target=\"_blank\" rel=\"noreferrer noopener\">Entreprendre un stage d\u2019apprentis<\/a> La page du site du gouvernement de l\u2019Ontario contient des informations sur la formation en apprentissage, les diff\u00e9rents m\u00e9tiers, comment se pr\u00e9parer \u00e0 devenir apprentis, comment commencer un apprentissage, l\u2019aide financi\u00e8re offerte aux apprentis et comment terminer une formation en apprentissage. <\/li>\n\n\n\n<li><a href=\"https:\/\/www.skillsontario.com\/\" target=\"_blank\" rel=\"noreferrer noopener\">Comp\u00e9tences Ontario<\/a> fait la promotion des m\u00e9tiers sp\u00e9cialis\u00e9s et des technologies en Ontario. <\/li>\n<\/ul>\n<\/div>\n\n\n\n<div class=\"wp-block-column is-layout-flow wp-block-column-is-layout-flow\">\n<p>LIENS P\u00c9DAGOGIQUES SUPPL\u00c9MENTAIRES <\/p>\n\n\n\n<ul class=\"wp-block-list\">\n<li><a href=\"https:\/\/www.cafdn.org\/for-youth\/educational-support\" target=\"_blank\" rel=\"noreferrer noopener\">Children\u2019s Aid Foundation of Canada<\/a> est un organisme caritatif national qui offre de nombreuses bourses d\u2019\u00e9tudes. <\/li>\n\n\n\n<li><a href=\"https:\/\/www.ontario.ca\/page\/adult-learning-general-education-development-ged-certificate\" target=\"_blank\" rel=\"noreferrer noopener\">Certificat d\u2019\u00e9quivalence du cours secondaire (GED)<\/a>est le site Web du gouvernement de l\u2019Ontario qui fournit les \u00e9tapes \u00e0 suivre pour l\u2019obtention d\u2019un certificat d\u2019\u00e9quivalence du cours secondaire GED. <\/li>\n\n\n\n<li><a href=\"https:\/\/youthincare.ca\/\" target=\"_blank\" rel=\"noreferrer noopener\">Bourses d\u2019\u00e9tudes Ken Dryden Scholarship for youth in care<\/a> <\/li>\n\n\n\n<li><a href=\"https:\/\/resolvecounselling.org\/credit-financial-counselling-services\/\" target=\"_blank\" rel=\"noreferrer noopener\">Services-conseils Resolve Counselling, Kingston<\/a> <\/li>\n\n\n\n<li class=\"accessible-link\"><a href=\"https:\/\/www.studyguidezone.com\/resource_tips.htm\" target=\"_blank\" rel=\"noreferrer noopener\">Conseils d\u2019\u00e9tude Studying Skills<\/a> <\/li>\n<\/ul>\n<\/div>\n<\/div>\n\n\n\n<h2 class=\"wp-block-heading\">Conseils d\u2019\u00e9tude Studying Skills<\/h2>\n\n\n\n<p>TROUVER UN EMPLOI (ORIENTATION\/PLANIFICATION DE CARRI\u00c8RE, AIDE \u00c0 LA R\u00c9DACTION DE CURRICULUM VITAE, ETC.)<\/p>\n\n\n\n<ul class=\"wp-block-list\">\n<li class=\"accessible-link\"><a href=\"https:\/\/www.acfomi.org\/en\/\" target=\"_blank\" rel=\"noreferrer noopener\">Services d\u2019employabilit\u00e9 de l\u2019ACFOMI<\/a> <\/li>\n\n\n\n<li class=\"accessible-link\"><a href=\"https:\/\/careeredge.on.ca\/\" target=\"_blank\" rel=\"noreferrer noopener\">Career Edge<\/a> <\/li>\n\n\n\n<li class=\"accessible-link\"><a href=\"https:\/\/www.keys.ca\/\" target=\"_blank\" rel=\"noreferrer noopener\">Centre d\u2019emploi KEYS, Kingston<\/a> <\/li>\n\n\n\n<li class=\"accessible-link\"><a href=\"http:\/\/www.girlsinclimestone.ca\/\" target=\"_blank\" rel=\"noreferrer noopener\">Girls Inc<\/a> <\/li>\n\n\n\n<li class=\"accessible-link\"><a href=\"https:\/\/www.ontario.ca\/page\/employment-ontario\" target=\"_blank\" rel=\"noreferrer noopener\">Emploi Ontario<\/a> <\/li>\n\n\n\n<li class=\"accessible-link\"><a href=\"https:\/\/www.mcss.gov.on.ca\/en\/mcss\/programs\/social\/ow\/help\/employment_assistance.aspx\" target=\"_blank\" rel=\"noreferrer noopener\">Programme Ontario au Travail<\/a> <\/li>\n\n\n\n<li class=\"accessible-link\"><a href=\"http:\/\/www.tcu.gov.on.ca\/eng\/eopg\/programs\/oyap.html\" target=\"_blank\" rel=\"noreferrer noopener\">Programme d\u2019apprentissage pour les jeunes de l\u2019Ontario<\/a> <\/li>\n\n\n\n<li class=\"accessible-link\"><a href=\"http:\/\/www.employmentservice.sl.on.ca\/\" target=\"_blank\" rel=\"noreferrer noopener\">Service d\u2019emploi du St. Lawrence College<\/a> <\/li>\n\n\n\n<li class=\"accessible-link\"><a href=\"https:\/\/www.canada.ca\/en\/services\/youth.html\" target=\"_blank\" rel=\"noreferrer noopener\">Les jeunes au Canada<\/a> \u2013 ce site offre des liens vers de l\u2019information sur l\u2019\u00e9ducation, la formation, l\u2019emploi, ainsi que sur les pr\u00eats, les bourses et les subventions. <\/li>\n\n\n\n<li class=\"accessible-link\"><a href=\"https:\/\/www.mcss.gov.on.ca\/en\/mcss\/programs\/social\/odsp\/employment_support\/ES_Eligibility.aspx\" target=\"_blank\" rel=\"noreferrer noopener\">Programme ontarien de soutien aux personnes handicap\u00e9es \u2013 Soutien \u00e0 l\u2019emploi<\/a>  <\/li>\n<\/ul>\n","protected":false},"excerpt":{"rendered":"<p>Notre \u00e9quipe veille \u00e0 la r\u00e9ussite de nos jeunes \u00e0 tous les niveaux de leur \u00e9ducation, de l\u2019obtention du dipl\u00f4me d\u2019\u00e9tudes secondaires aux \u00e9tudes postsecondaires en passant par les coll\u00e8ges, les universit\u00e9s et les \u00e9coles de m\u00e9tiers. Terminer ses \u00c9tudes Des services d\u2019\u00e9ducation des adultes et de formation continue sont offerts par l\u2019Algonquin Lakeshore Catholic [&hellip;]<\/p>\n","protected":false},"author":15,"featured_media":0,"parent":5704,"menu_order":0,"comment_status":"closed","ping_status":"closed","template":"","meta":{"_acf_changed":false,"footnotes":""},"class_list":["post-5706","page","type-page","status-publish","hentry"],"acf":[],"featured_image_src":null,"featured_image_src_square":null,"_links":{"self":[{"href":"https:\/\/oect.ca\/fr\/wp-json\/wp\/v2\/pages\/5706","targetHints":{"allow":["GET"]}}],"collection":[{"href":"https:\/\/oect.ca\/fr\/wp-json\/wp\/v2\/pages"}],"about":[{"href":"https:\/\/oect.ca\/fr\/wp-json\/wp\/v2\/types\/page"}],"author":[{"embeddable":true,"href":"https:\/\/oect.ca\/fr\/wp-json\/wp\/v2\/users\/15"}],"replies":[{"embeddable":true,"href":"https:\/\/oect.ca\/fr\/wp-json\/wp\/v2\/comments?post=5706"}],"version-history":[{"count":3,"href":"https:\/\/oect.ca\/fr\/wp-json\/wp\/v2\/pages\/5706\/revisions"}],"predecessor-version":[{"id":6638,"href":"https:\/\/oect.ca\/fr\/wp-json\/wp\/v2\/pages\/5706\/revisions\/6638"}],"up":[{"embeddable":true,"href":"https:\/\/oect.ca\/fr\/wp-json\/wp\/v2\/pages\/5704"}],"wp:attachment":[{"href":"https:\/\/oect.ca\/fr\/wp-json\/wp\/v2\/media?parent=5706"}],"curies":[{"name":"wp","href":"https:\/\/api.w.org\/{rel}","templated":true}]}}