{"id":5713,"date":"2021-11-26T16:35:36","date_gmt":"2021-11-26T21:35:36","guid":{"rendered":"https:\/\/oect.ca\/ressources-autochtones-et-ressources-supplementaires-2\/"},"modified":"2025-02-14T16:15:49","modified_gmt":"2025-02-14T21:15:49","slug":"ressources-autochtones-et-ressources-supplementaires","status":"publish","type":"page","link":"https:\/\/oect.ca\/fr\/kingston-frontenac-lennox-addington-hastings-equipe-du-comte-de-prince-edward\/ressources-autochtones-et-ressources-supplementaires\/","title":{"rendered":"Ressources Autochtones et Ressources Suppl\u00e9mentaires"},"content":{"rendered":"\n<section class=\"tmn__outer\">\n\t<article class=\"tmn__repeater\">\n\t\t\t\t\t<ul class=\"tmn__inner\">\n\t\t\t    \t\t\t\t\t<li class=\"tmn__inner_item\"><a href=\"https:\/\/oect.ca\/fr\/kingston-frontenac-lennox-addington-hastings-equipe-du-comte-de-prince-edward\/\" class=\"button\">Notre \u00c9quipe<\/a><\/li>\n\n\t\t\t\t\t\t\t\t\t<li class=\"tmn__inner_item\"><a href=\"https:\/\/oect.ca\/fr\/kingston-frontenac-lennox-addington-hastings-equipe-du-comte-de-prince-edward\/education-et-emploi\/\" class=\"button\">\u00c9ducation et Emploi<\/a><\/li>\n\n\t\t\t\t\t\t\t\t\t<li class=\"tmn__inner_item\"><a href=\"https:\/\/oect.ca\/fr\/kingston-frontenac-lennox-addington-hastings-equipe-du-comte-de-prince-edward\/ressources-autochtones-et-ressources-supplementaires\/\" class=\"button\">Ressources Autochtones et Ressources Suppl\u00e9mentaires<\/a><\/li>\n\n\t\t\t\t\t\t\t<\/ul>\n\t\t\t<\/article>\n<\/section>\n\n\n\n<h2 class=\"wp-block-heading\">Ressources Autochtones<\/h2>\n\n\n\n<ul class=\"wp-block-list\">\n<li>Le programme <a href=\"https:\/\/mbq-tmt.org\/social-services\/good-minds\/\" target=\"_blank\" rel=\"noreferrer noopener\">Good Minds<\/a> permet au MBQ d\u2019offrir des services de counseling, des activit\u00e9s pour les jeunes, des groupes communautaires, de l\u2019accompagnement au deuil, des \u00e9v\u00e8nements communautaires, des services de soutien aux personnes \u00e2g\u00e9es, des services de counseling en toxicomanie, des programmes ax\u00e9s sur le bien-\u00eatre des enfants et des jeunes et sur la pr\u00e9vention du PNLAADA (NNADAP en anglais). <\/li>\n\n\n\n<li><a href=\"https:\/\/linkprotect.cudasvc.com\/url?a=http%3a%2f%2fwww.canadian-universities.net%2fCampus%2fAboriginal-Services.html&amp;c=E,1,rit6v0_7eiOxaggc7iPJAp6DG3cCZYevRT_81n6Rk2H5SkKQUHH1SQxlJ_pVEXldFkbqMcurUU4NcwI1eYionNRqavxL5MYPPaamL5Tb4giz3t9AT9j65Bxh&amp;typo=1\">First Nations Centres and Aboriginal Services in Canadian Universities.<\/a> La plupart des coll\u00e8ges et des universit\u00e9s disposent de personnel de soutien pour les \u00e9tudiants autochtones qui offrent des services d\u2019aide financi\u00e8re, d\u2019orientation acad\u00e9mique et professionnelle qui soutiennent les traditions culturelles autochtones. <\/li>\n\n\n\n<li>Aide financi\u00e8re : les \u00e9tudiants des Premi\u00e8res Nations peuvent g\u00e9n\u00e9ralement b\u00e9n\u00e9ficier d\u2019une aide financi\u00e8re par l\u2019entremise des Premi\u00e8res Nations, mais il s\u2019agit d\u2019un programme propre \u00e0 chaque bande. <a href=\"https:\/\/linkprotect.cudasvc.com\/url?a=https%3a%2f%2fwww.sac-isc.gc.ca%2feng%2f1100100033682%2f1531933580211&amp;c=E,1,bur-WIjnFZ-0ZuVTVam5uAbCrLXMZl8kfSHlpEQ3pTmcSIst6Cf3WtlJkJax8h4QdOBkBLjh4Ukak-gX8NQDPcWAkaTSPyEY4RZsdIJARh35QzdpJg4oVTMl&amp;typo=1\">Programme d\u2019aide aux \u00e9tudiants de niveau postsecondaire.<\/a>Services aux Autochtones Canada (SAC) offre une aide financi\u00e8re aux \u00e9tudiants des Premi\u00e8res Nations inscrits \u00e0 des programmes postsecondaires admissibles. Pour de plus amples informations, communiquez avec le bureau du conseil de bande local ou le bureau r\u00e9gional SAC. Pour de plus amples informations, communiquez avec le bureau du conseil de bande local ou le <a href=\"https:\/\/linkprotect.cudasvc.com\/url?a=https%3a%2f%2fwww.sac-isc.gc.ca%2feng%2f1100100016936%2f1534342668402&amp;c=E,1,FKyjt4xgqDgk9XetUPDGj2WCif7EZL_keW--sDs6PYr5_9frYY9TVhwEZD1UXJlskcbygfUvaA829N9q1ur2HQeUXP5jR48Lb7eIw9jqcA,,&amp;typo=1\">bureau r\u00e9gional<\/a> SAC.<\/li>\n<\/ul>\n\n\n\n<h2 class=\"wp-block-heading\">Autres Ressources<\/h2>\n\n\n\n<p><a href=\"https:\/\/211ontario.ca\/\" target=\"_blank\" rel=\"noreferrer noopener\">ONTARIO 211<\/a>est un site Web qui fournit des liens vers de nombreux services, notamment: <\/p>\n\n\n\n<ul class=\"wp-block-list\">\n<li class=\"accessible-link\"><a href=\"https:\/\/211ontario.ca\/211-topics\/abuse-assault\/\" target=\"_blank\" rel=\"noreferrer noopener\">Violence et agression<\/a> <\/li>\n\n\n\n<li class=\"accessible-link\"><a href=\"https:\/\/211ontario.ca\/211-topics\/community-programs\/\" target=\"_blank\" rel=\"noreferrer noopener\">Programmes communautaires<\/a> <\/li>\n\n\n\n<li class=\"accessible-link\"><a href=\"https:\/\/211ontario.ca\/211-topics\/disabilities\/\" target=\"_blank\" rel=\"noreferrer noopener\">Handicaps<\/a> <\/li>\n\n\n\n<li class=\"accessible-link\"><a href=\"https:\/\/211ontario.ca\/211-topics\/emergency-crisis\/\" target=\"_blank\" rel=\"noreferrer noopener\">Urgences et crises<\/a> <\/li>\n\n\n\n<li class=\"accessible-link\"><a href=\"https:\/\/211ontario.ca\/211-topics\/food\/\" target=\"_blank\" rel=\"noreferrer noopener\">Alimentation<\/a> <\/li>\n\n\n\n<li class=\"accessible-link\"><a href=\"https:\/\/211ontario.ca\/211-topics\/health-care\/\" target=\"_blank\" rel=\"noreferrer noopener\">Soins de sant\u00e9<\/a> <\/li>\n\n\n\n<li class=\"accessible-link\"><a href=\"https:\/\/211ontario.ca\/211-topics\/homelessness\/\" target=\"_blank\" rel=\"noreferrer noopener\">Sans-abrisme<\/a> et<a href=\"https:\/\/211ontario.ca\/211-topics\/housing\/\" target=\"_blank\" rel=\"noreferrer noopener\">h\u00e9bergement<\/a> <\/li>\n\n\n\n<li class=\"accessible-link\"><a href=\"https:\/\/211ontario.ca\/211-topics\/indigenous-peoples\/\" target=\"_blank\" rel=\"noreferrer noopener\">Autochtones<\/a> <\/li>\n\n\n\n<li class=\"accessible-link\"><a href=\"https:\/\/211ontario.ca\/211-topics\/lgbtq\/\" target=\"_blank\" rel=\"noreferrer noopener\">LGBTQ+<\/a> <\/li>\n\n\n\n<li class=\"accessible-link\"><a href=\"https:\/\/211ontario.ca\/211-topics\/mental-health-addictions\/\" target=\"_blank\" rel=\"noreferrer noopener\">Sant\u00e9 mentale et d\u00e9pendances<\/a> <\/li>\n<\/ul>\n\n\n\n<p>Ressources Suppl\u00e9mentaires<\/p>\n\n\n\n<ul class=\"wp-block-list\">\n<li class=\"accessible-link\"><a href=\"https:\/\/youth.facsfla.ca\/docs\/default-source\/default-document-library\/cook-book-final-english-website.pdf?sfvrsn=f069d87b_0\" target=\"_blank\" rel=\"noreferrer noopener\">Livre de recettes Food Cents<\/a> <\/li>\n\n\n\n<li class=\"accessible-link\"><a href=\"https:\/\/tribunalsontario.ca\/\" target=\"_blank\" rel=\"noreferrer noopener\">Commission de la location immobili\u00e8re<\/a> <\/li>\n\n\n\n<li class=\"accessible-link\"><a href=\"https:\/\/www.ombudsman.on.ca\/home\" target=\"_blank\" rel=\"noreferrer noopener\">Ombudsman<\/a> <\/li>\n<\/ul>\n","protected":false},"excerpt":{"rendered":"<p>Ressources Autochtones Autres Ressources ONTARIO 211est un site Web qui fournit des liens vers de nombreux services, notamment: Ressources Suppl\u00e9mentaires<\/p>\n","protected":false},"author":15,"featured_media":0,"parent":5704,"menu_order":0,"comment_status":"closed","ping_status":"closed","template":"","meta":{"_acf_changed":false,"footnotes":""},"class_list":["post-5713","page","type-page","status-publish","hentry"],"acf":[],"featured_image_src":null,"featured_image_src_square":null,"_links":{"self":[{"href":"https:\/\/oect.ca\/fr\/wp-json\/wp\/v2\/pages\/5713","targetHints":{"allow":["GET"]}}],"collection":[{"href":"https:\/\/oect.ca\/fr\/wp-json\/wp\/v2\/pages"}],"about":[{"href":"https:\/\/oect.ca\/fr\/wp-json\/wp\/v2\/types\/page"}],"author":[{"embeddable":true,"href":"https:\/\/oect.ca\/fr\/wp-json\/wp\/v2\/users\/15"}],"replies":[{"embeddable":true,"href":"https:\/\/oect.ca\/fr\/wp-json\/wp\/v2\/comments?post=5713"}],"version-history":[{"count":3,"href":"https:\/\/oect.ca\/fr\/wp-json\/wp\/v2\/pages\/5713\/revisions"}],"predecessor-version":[{"id":6639,"href":"https:\/\/oect.ca\/fr\/wp-json\/wp\/v2\/pages\/5713\/revisions\/6639"}],"up":[{"embeddable":true,"href":"https:\/\/oect.ca\/fr\/wp-json\/wp\/v2\/pages\/5704"}],"wp:attachment":[{"href":"https:\/\/oect.ca\/fr\/wp-json\/wp\/v2\/media?parent=5713"}],"curies":[{"name":"wp","href":"https:\/\/api.w.org\/{rel}","templated":true}]}}