{"id":5817,"date":"2022-03-02T15:13:59","date_gmt":"2022-03-02T20:13:59","guid":{"rendered":"https:\/\/oect.ca\/equipe-dottawa\/emploi-et-logement\/"},"modified":"2025-02-18T13:52:35","modified_gmt":"2025-02-18T18:52:35","slug":"emploi-et-logement","status":"publish","type":"page","link":"https:\/\/oect.ca\/fr\/equipe-dottawa\/emploi-et-logement\/","title":{"rendered":"Emploi et logement"},"content":{"rendered":"\n<section class=\"tmn__outer\">\n\t<article class=\"tmn__repeater\">\n\t\t\t\t\t<ul class=\"tmn__inner\">\n\t\t\t    \t\t\t\t\t<li class=\"tmn__inner_item\"><a href=\"https:\/\/oect.ca\/fr\/equipe-dottawa\/\" class=\"button\">\u00c9ducation et bien-\u00eatre<\/a><\/li>\n\n\t\t\t\t\t\t\t\t\t<li class=\"tmn__inner_item\"><a href=\"https:\/\/oect.ca\/fr\/equipe-dottawa\/budget-et-conseils-juridiques\/\" class=\"button\">Budget et conseils juridiques<\/a><\/li>\n\n\t\t\t\t\t\t\t\t\t<li class=\"tmn__inner_item\"><a href=\"https:\/\/oect.ca\/fr\/equipe-dottawa\/emploi-et-logement\/\" class=\"button\">Emploi et logement<\/a><\/li>\n\n\t\t\t\t\t\t\t<\/ul>\n\t\t\t<\/article>\n<\/section>\n\n\n\n<h2 class=\"wp-block-heading accessible-link\" id=\"employment\"><a href=\"https:\/\/linkprotect.cudasvc.com\/url?a=http%3a%2f%2fbethebold.ca%2femployment&amp;c=E,1,RJ8mYNV7bc7Y_GDBrTOpjifGcM2B3JcjR2WHrs_2JfGzQIMZe5NwpWYaUlX-melqsJJqp5n4DdacjZ_sYl5yZMiRnzdO3GSTg0M3stoCW_fiN3VZPQ,,&amp;typo=1\">Emploi<\/a><\/h2>\n\n\n\n<p><strong>Emploi:<\/strong><\/p>\n\n\n\n<ul class=\"wp-block-list\">\n<li class=\"accessible-link\"><a href=\"https:\/\/211ontario.ca\/search-services-and-organizations\/?internal-search=eyJ0ZXJtIjoiWW91dGggRW1wbG95bWVudCIsImxvY2F0aW9uVGV4dCI6Ik90dGF3YSIsImxvY2F0aW9uUG9pbnQiOnsibGF0aXR1ZGUiOjAsImxvbmdpdHVkZSI6MH0sIm1heERpc3RhbmNlSW5LaWxvbWV0ZXJzIjowLCJ0b3BpY1BhdGgiOiIiLCJ0eXBlT2ZTZXJ2aWNlIjoiIiwicmVxdWlyZVdoZWVsY2hhaXJBY2Nlc3MiOmZhbHNlLCJsYW5ndWFnZXMiOltdLCJjb21tdW5pY2F0aW9ucyI6W10sImFnZUdyb3VwcyI6W3sibG93ZXJCb3VuZEFnZSI6MCwidXBwZXJCb3VuZEFnZSI6MTAwfV0sInBhZ2luYXRpb25JbmZvIjp7InNvcnRGaWVsZCI6IiIsInNvcnRPcmRlciI6MCwicGFnZUluZGV4IjowLCJwYWdlU2l6ZSI6MTB9fQ==\">211 Ottawa: Services d\u2019emploi jeunesse<\/a><\/li>\n\n\n\n<li>CAF Youth Works (<a href=\"https:\/\/oect.ca\/wp-content\/uploads\/2022\/02\/Youth-Works-Mitra.docx\"> document Word<\/a>): courriel<a href=\"mailto:employment@casott.on.ca\">employment@casott.on.ca<\/a><\/li>\n\n\n\n<li class=\"accessible-link\"><a href=\"http:\/\/operationcomehome.ca\/jobswork\/\">Op\u00e9ration rentrer au foyer:<\/a> Programme d&#8217;emploi Jobs First<\/li>\n\n\n\n<li class=\"accessible-link\"><a href=\"http:\/\/operationcomehome.ca\/youth-workforce-initiative\/\">Op\u00e9ration rentrer au foyer<\/a>: Programme Youth Workforce Initiative<\/li>\n\n\n\n<li class=\"accessible-link\"><a href=\"https:\/\/www.ysb.ca\/services\/ysb-employment-services\/\">Bureau des services \u00e0 la jeunesse: Services d&#8217;emploi<\/a><\/li>\n\n\n\n<li class=\"accessible-link\"><a href=\"https:\/\/inuuqatigiit.ca\/\">Centre Inuuqatigiit pour les enfants, les jeunes et les familles<\/a><\/li>\n\n\n\n<li class=\"accessible-link\"><a href=\"https:\/\/tiontario.ca\/\">Inuits Tungasuvvingat<\/a><\/li>\n\n\n\n<li class=\"accessible-link\"><a href=\"https:\/\/wabano.com\/\">Centre Wabano pour la sant\u00e9 des Autochtones<\/a><\/li>\n<\/ul>\n\n\n\n<h2 class=\"wp-block-heading accessible-link\" id=\"housing\"><a href=\"http:\/\/bethebold.ca\/housing\">Logement<\/a><\/h2>\n\n\n\n<p>Les jeunes qui entrent dans l&rsquo;\u00e2ge adulte doivent surmonter de nombreux d\u00e9fis. Lorsqu&rsquo;on cherche un logement, il est important de tenir compte de l&#8217;emplacement, de l&rsquo;accessibilit\u00e9 aux transports en communs et \u00e0 l&#8217;emploi, des \u00e9coles et \u00e9piceries \u00e0 proximit\u00e9, et des r\u00e9seaux de soutien. <\/p>\n\n\n\n<ul class=\"wp-block-list\">\n<li class=\"accessible-link\"><a href=\"https:\/\/211ontario.ca\/search-services-and-organizations\/?internal-search=eyJ0ZXJtIjoieW91dGggaG91c2luZyBhc3Npc3RhbmNlIiwibG9jYXRpb25UZXh0IjoiT3R0YXdhIiwibG9jYXRpb25Qb2ludCI6eyJsYXRpdHVkZSI6MCwibG9uZ2l0dWRlIjowfSwibWF4RGlzdGFuY2VJbktpbG9tZXRlcnMiOjAsInRvcGljUGF0aCI6IiIsInR5cGVPZlNlcnZpY2UiOiIiLCJyZXF1aXJlV2hlZWxjaGFpckFjY2VzcyI6ZmFsc2UsImxhbmd1YWdlcyI6W10sImNvbW11bmljYXRpb25zIjpbXSwiYWdlR3JvdXBzIjpbeyJsb3dlckJvdW5kQWdlIjowLCJ1cHBlckJvdW5kQWdlIjoxMDB9XSwicGFnaW5hdGlvbkluZm8iOnsic29ydEZpZWxkIjoiIiwic29ydE9yZGVyIjowLCJwYWdlSW5kZXgiOjAsInBhZ2VTaXplIjoxMH19\">211 Ottawa: Aide au logement<\/a><\/li>\n\n\n\n<li class=\"accessible-link\"><a href=\"http:\/\/operationcomehome.ca\/programs\/housing-works\/\">Op\u00e9ration rentrer au foyer<\/a>: HousingWorks<\/li>\n\n\n\n<li class=\"accessible-link\"><a href=\"http:\/\/operationcomehome.ca\/programs\/housing-based-case-management-program\/\">Op\u00e9ration rentrer au foyer<\/a>: La gestion des cas en mati\u00e8re de logement<\/li>\n\n\n\n<li class=\"accessible-link\"><a href=\"https:\/\/www.teweganhousing.ca\/\">Tewegan (aide au logement pour les jeunes Autochtones)<\/a><\/li>\n\n\n\n<li class=\"accessible-link\"><a href=\"https:\/\/www.ysb.ca\/for-youth\/youth-services\/housing-services\/\">Bureau des services \u00e0 la jeunesse: Logement<\/a><\/li>\n\n\n\n<li class=\"accessible-link\"><a href=\"https:\/\/ottawa.ca\/en\/family-and-social-services\/housing\">Ville d&rsquo;Ottawa: Logement<\/a><\/li>\n\n\n\n<li class=\"accessible-link\"><a href=\"http:\/\/www.och-lco.ca\/\">Logements communautaires d&rsquo;Ottawa<\/a><\/li>\n\n\n\n<li class=\"accessible-link\"><a href=\"https:\/\/johnhoward.on.ca\/ottawa\/services\/housing-supports\/\">Soci\u00e9t\u00e9 John Howard<\/a>: Aide au logement<\/li>\n\n\n\n<li class=\"accessible-link\"><a href=\"https:\/\/inuuqatigiit.ca\/\">Centre Inuuqatigiit pour les enfants, les jeunes et les familles<\/a><\/li>\n\n\n\n<li class=\"accessible-link\"><a href=\"https:\/\/tiontario.ca\/\">Inuits Tungasuvvingat<\/a><\/li>\n\n\n\n<li class=\"accessible-link\"><a href=\"https:\/\/wabano.com\/\">Centre Wabano pour la sant\u00e9 des Autochtones<\/a><\/li>\n<\/ul>\n\n\n\n<p><strong>Soutien:<\/strong><\/p>\n\n\n\n<ul class=\"wp-block-list\">\n<li class=\"accessible-link\"><a href=\"https:\/\/stepstojustice.ca\/\">Droit \u2212 CLEO \u2212 Justice pas-\u00e0-pas<\/a><\/li>\n\n\n\n<li class=\"accessible-link\"><a href=\"https:\/\/www.cleo.on.ca\/en\/resources-and-publications\/pubs?language=en&amp;field_legal_topic_tid_i18n=89\">Droit du logement &#8211; CLEO<\/a><\/li>\n<\/ul>\n\n\n\n<p><strong><strong>Commission de la location immobili\u00e8re:<\/strong><\/strong><\/p>\n\n\n\n<ul class=\"wp-block-list\">\n<li class=\"accessible-link\"><a href=\"http:\/\/www.ltb.gov.on.ca\/en\/Law\/STEL02_111323.html\">Loi sur la location \u00e0 usage d&rsquo;habitation<\/a><\/li>\n\n\n\n<li class=\"accessible-link\"><a href=\"http:\/\/www.ltb.gov.on.ca\/en\/STEL02_111281.html\">Aide aux locataires<\/a><\/li>\n\n\n\n<li class=\"accessible-link\"><a href=\"http:\/\/www.ltb.gov.on.ca\/en\/Key_Information\/STEL02_111600.html\">\u00c0 l&rsquo;intention des nouveaux locataires <\/a> \u2013 droits et responsabilit\u00e9s<\/li>\n\n\n\n<li class=\"accessible-link\"><a href=\"http:\/\/www.sjto.gov.on.ca\/ltb\/contact\/\">Emplacement des bureaux r\u00e9gionaux<\/a><\/li>\n<\/ul>\n","protected":false},"excerpt":{"rendered":"<p>Emploi Emploi: Logement Les jeunes qui entrent dans l&rsquo;\u00e2ge adulte doivent surmonter de nombreux d\u00e9fis. Lorsqu&rsquo;on cherche un logement, il est important de tenir compte de l&#8217;emplacement, de l&rsquo;accessibilit\u00e9 aux transports en communs et \u00e0 l&#8217;emploi, des \u00e9coles et \u00e9piceries \u00e0 proximit\u00e9, et des r\u00e9seaux de soutien. Soutien: Commission de la location immobili\u00e8re:<\/p>\n","protected":false},"author":19,"featured_media":0,"parent":5809,"menu_order":0,"comment_status":"closed","ping_status":"closed","template":"","meta":{"_acf_changed":false,"footnotes":""},"class_list":["post-5817","page","type-page","status-publish","hentry"],"acf":[],"featured_image_src":null,"featured_image_src_square":null,"_links":{"self":[{"href":"https:\/\/oect.ca\/fr\/wp-json\/wp\/v2\/pages\/5817","targetHints":{"allow":["GET"]}}],"collection":[{"href":"https:\/\/oect.ca\/fr\/wp-json\/wp\/v2\/pages"}],"about":[{"href":"https:\/\/oect.ca\/fr\/wp-json\/wp\/v2\/types\/page"}],"author":[{"embeddable":true,"href":"https:\/\/oect.ca\/fr\/wp-json\/wp\/v2\/users\/19"}],"replies":[{"embeddable":true,"href":"https:\/\/oect.ca\/fr\/wp-json\/wp\/v2\/comments?post=5817"}],"version-history":[{"count":2,"href":"https:\/\/oect.ca\/fr\/wp-json\/wp\/v2\/pages\/5817\/revisions"}],"predecessor-version":[{"id":6654,"href":"https:\/\/oect.ca\/fr\/wp-json\/wp\/v2\/pages\/5817\/revisions\/6654"}],"up":[{"embeddable":true,"href":"https:\/\/oect.ca\/fr\/wp-json\/wp\/v2\/pages\/5809"}],"wp:attachment":[{"href":"https:\/\/oect.ca\/fr\/wp-json\/wp\/v2\/media?parent=5817"}],"curies":[{"name":"wp","href":"https:\/\/api.w.org\/{rel}","templated":true}]}}