{"id":6237,"date":"2023-05-24T09:37:28","date_gmt":"2023-05-24T13:37:28","guid":{"rendered":"https:\/\/oect.ca\/equipe-de-thunder-bay\/"},"modified":"2025-02-14T15:20:36","modified_gmt":"2025-02-14T20:20:36","slug":"equipe-de-thunder-bay","status":"publish","type":"page","link":"https:\/\/oect.ca\/fr\/equipe-de-thunder-bay\/","title":{"rendered":"\u00c9quipe de Thunder Bay"},"content":{"rendered":"\n<p>L&rsquo;\u00e9quipe des champions ontariens de l&rsquo;\u00e9ducation de Thunder Bay et District se compose d&rsquo;une vari\u00e9t\u00e9 d&rsquo;organismes qui visent \u00e0 aider les jeunes pris en charge par la soci\u00e9t\u00e9 \u00e0 r\u00e9ussir leurs \u00e9tudes postsecondaires et \u00e0 d\u00e9crocher un emploi. Voici un aper\u00e7u des activit\u00e9s que nous offrons:<\/p>\n\n\n\n<ul class=\"wp-block-list\">\n<li>Ateliers de r\u00e9daction de curriculum vitae et d\u00e9veloppement des comp\u00e9tences en entrevue<\/li>\n\n\n\n<li>Visites guid\u00e9es d&rsquo;\u00e9tablissements d&rsquo;enseignement postsecondaire<\/li>\n\n\n\n<li>D\u00e9veloppement des habilet\u00e9s fondamentales<\/li>\n\n\n\n<li>Soutien au tutorat<\/li>\n\n\n\n<li>C\u00e9l\u00e9bration d&rsquo;\u00e9v\u00e9nements marquants<\/li>\n<\/ul>\n\n\n\n<p>Notre \u00e9quipe inclut des repr\u00e9sentants des organisations suivantes:<\/p>\n\n\n\n<ul class=\"wp-block-list\">\n<li class=\"accessible-link\"><a href=\"https:\/\/www.dilico.com\/\">Dilico Anishinabek Family Care<\/a><\/li>\n\n\n\n<li class=\"accessible-link\"><a href=\"https:\/\/www.thunderbaycas.ca\/\">Children\u2019s Aid Society of Thunder Bay<\/a><\/li>\n\n\n\n<li class=\"accessible-link\"><a href=\"https:\/\/www.confederationcollege.ca\/\">Confederation College<\/a><\/li>\n\n\n\n<li class=\"accessible-link\"><a href=\"https:\/\/csdcab.ca\/\">Conseil Scolaire de District Catholique des Aurores Bor\u00e9ales<\/a><\/li>\n\n\n\n<li class=\"accessible-link\"><a href=\"https:\/\/www.lakeheadschools.ca\/\">Lakehead Public Schools<\/a><\/li>\n\n\n\n<li class=\"accessible-link\"><a href=\"https:\/\/www.lakeheadu.ca\/\">Lakehead University<\/a><\/li>\n\n\n\n<li class=\"accessible-link\"><a href=\"https:\/\/www.sgdsb.on.ca\/\">Superior Greenstone District School Board<\/a><\/li>\n\n\n\n<li class=\"accessible-link\"><a href=\"https:\/\/www.sncdsb.on.ca\/\">Superior North Catholic District School Board<\/a><\/li>\n\n\n\n<li class=\"accessible-link\"><a href=\"https:\/\/tbcschools.ca\/\">Thunder Bay Catholic District School Board<\/a><\/li>\n\n\n\n<li class=\"accessible-link\"><a href=\"https:\/\/www.tbaycounselling.com\/\">Thunder Bay Counselling Centre<\/a><\/li>\n<\/ul>\n\n\n\n<p><\/p>\n","protected":false},"excerpt":{"rendered":"<p>L&rsquo;\u00e9quipe des champions ontariens de l&rsquo;\u00e9ducation de Thunder Bay et District se compose d&rsquo;une vari\u00e9t\u00e9 d&rsquo;organismes qui visent \u00e0 aider les jeunes pris en charge par la soci\u00e9t\u00e9 \u00e0 r\u00e9ussir leurs \u00e9tudes postsecondaires et \u00e0 d\u00e9crocher un emploi. Voici un aper\u00e7u des activit\u00e9s que nous offrons: Notre \u00e9quipe inclut des repr\u00e9sentants des organisations suivantes:<\/p>\n","protected":false},"author":27,"featured_media":0,"parent":0,"menu_order":0,"comment_status":"closed","ping_status":"open","template":"page-team.php","meta":{"_acf_changed":false,"footnotes":""},"class_list":["post-6237","page","type-page","status-publish","hentry"],"acf":[],"featured_image_src":null,"featured_image_src_square":null,"_links":{"self":[{"href":"https:\/\/oect.ca\/fr\/wp-json\/wp\/v2\/pages\/6237","targetHints":{"allow":["GET"]}}],"collection":[{"href":"https:\/\/oect.ca\/fr\/wp-json\/wp\/v2\/pages"}],"about":[{"href":"https:\/\/oect.ca\/fr\/wp-json\/wp\/v2\/types\/page"}],"author":[{"embeddable":true,"href":"https:\/\/oect.ca\/fr\/wp-json\/wp\/v2\/users\/27"}],"replies":[{"embeddable":true,"href":"https:\/\/oect.ca\/fr\/wp-json\/wp\/v2\/comments?post=6237"}],"version-history":[{"count":3,"href":"https:\/\/oect.ca\/fr\/wp-json\/wp\/v2\/pages\/6237\/revisions"}],"predecessor-version":[{"id":6624,"href":"https:\/\/oect.ca\/fr\/wp-json\/wp\/v2\/pages\/6237\/revisions\/6624"}],"wp:attachment":[{"href":"https:\/\/oect.ca\/fr\/wp-json\/wp\/v2\/media?parent=6237"}],"curies":[{"name":"wp","href":"https:\/\/api.w.org\/{rel}","templated":true}]}}